{"id":35088,"date":"2023-04-25T11:04:08","date_gmt":"2023-04-25T09:04:08","guid":{"rendered":"https:\/\/absinthe-originale.ch\/la-nostra-storia\/"},"modified":"2026-03-26T07:47:47","modified_gmt":"2026-03-26T06:47:47","slug":"la-nostra-storia","status":"publish","type":"page","link":"https:\/\/absinthe-originale.ch\/it\/la-nostra-storia\/","title":{"rendered":"La nostra storia"},"content":{"rendered":"\t\t<div data-elementor-type=\"wp-page\" data-elementor-id=\"35088\" class=\"elementor elementor-35088 elementor-29155\" data-elementor-post-type=\"page\">\n\t\t\t\t<div class=\"elementor-element elementor-element-b0f7702 e-con-full e-flex e-con e-parent\" data-id=\"b0f7702\" data-element_type=\"container\" data-e-type=\"container\" data-settings=\"{&quot;background_background&quot;:&quot;classic&quot;}\">\n\t\t\t\t<\/div>\n\t\t<div class=\"elementor-element elementor-element-095fe04 e-flex e-con-boxed e-con e-parent\" data-id=\"095fe04\" data-element_type=\"container\" data-e-type=\"container\" data-settings=\"{&quot;background_background&quot;:&quot;classic&quot;}\">\n\t\t\t\t\t<div class=\"e-con-inner\">\n\t\t<div class=\"elementor-element elementor-element-e4e5463 e-flex e-con-boxed e-con e-child\" data-id=\"e4e5463\" data-element_type=\"container\" data-e-type=\"container\">\n\t\t\t\t\t<div class=\"e-con-inner\">\n\t\t\t\t<div class=\"elementor-element elementor-element-c748bd5 elementor-widget elementor-widget-heading\" data-id=\"c748bd5\" data-element_type=\"widget\" data-e-type=\"widget\" data-widget_type=\"heading.default\">\n\t\t\t\t<div class=\"elementor-widget-container\">\n\t\t\t\t\t<h2 class=\"elementor-heading-title elementor-size-default\">La storia di La Valote Martin<\/h2>\t\t\t\t<\/div>\n\t\t\t\t<\/div>\n\t\t\t\t<div class=\"elementor-element elementor-element-8e591dc elementor-widget elementor-widget-text-editor\" data-id=\"8e591dc\" data-element_type=\"widget\" data-e-type=\"widget\" data-widget_type=\"text-editor.default\">\n\t\t\t\t<div class=\"elementor-widget-container\">\n\t\t\t\t\t\t\t\t\t<p>L\u2019amore per un prodotto, la sua storia, il suo territorio : questo \u00e8 il segreto dell\u2019assenzio La Valote Martin distillato artigianalmente a Couvet, Val-de-Travers (Suisse). Questo \u201cblu\u201d , come denominato localmente, ha una gradevole amarezza ed un aroma composto da dieci tipi di piante (grande e piccolo assenzio, melissa, isopo, menta piperita), coltivate essenzialmente nelle terre dalla regione.<\/p><p><strong>La \u00ab f\u00e9e verte \u00bb nasce negli anni intorno al 1760. <\/strong><\/p><p>Tra la coltivazione delle piante e la distillazione, l\u2019assenzio ha contribuito allo sviluppo della vallata. Fino a quando, nel 1910 si \u00e8 cominciato a produrlo clandestinamente, a causa dell\u2019emanazione di un divieto ufficiale generato dai risultati di una votazione del popolo svizzero due anni prima.<\/p><p>Il mito intorno a questa bevanda stava per nascere e decine di distillatori lo hanno poi coltivato e mantenuto nel corso del XX secolo. Francis Martin era uno di loro. Quando la produzione di assenzio \u00e8 nuovamente autorizzata ufficialmente a marzo 2005, decise di cominciarne la produzione, motivato dalla voglia di condividere la sua passione per la \u201cf\u00e9e verte\u201d e di mantenerne la distillazione nella sua \u201cculla\u201d.<\/p><p>La sua ricetta \u00e8 rimasta invariata. Rimane gradita dai suoi clienti, i ed i pi\u00f9 anziani non perdono occasione di ricordargli quanto il suo sapore sia lo stesso che gustavano in giovent\u00f9. Nel 2014, suo figlio Philippe riprende l\u2019attivit\u00e0 della distilleria e s\u2019impegna quindi a protrarre la tradizione ed il savoir faire della famiglia.<\/p>\t\t\t\t\t\t\t\t<\/div>\n\t\t\t\t<\/div>\n\t\t\t\t\t<\/div>\n\t\t\t\t<\/div>\n\t\t\t\t\t<\/div>\n\t\t\t\t<\/div>\n\t\t<div class=\"elementor-element elementor-element-4e7b7dc elementor-hidden-tablet elementor-hidden-mobile e-flex e-con-boxed e-con e-parent\" data-id=\"4e7b7dc\" data-element_type=\"container\" data-e-type=\"container\">\n\t\t\t\t\t<div class=\"e-con-inner\">\n\t\t<div class=\"elementor-element elementor-element-9056bf1 e-con-full e-flex e-con e-child\" data-id=\"9056bf1\" data-element_type=\"container\" data-e-type=\"container\">\n\t\t\t\t<div class=\"elementor-element elementor-element-d847781 elementor-widget elementor-widget-image\" data-id=\"d847781\" data-element_type=\"widget\" data-e-type=\"widget\" data-widget_type=\"image.default\">\n\t\t\t\t<div class=\"elementor-widget-container\">\n\t\t\t\t\t\t\t\t\t\t\t\t\t\t\t<img fetchpriority=\"high\" decoding=\"async\" width=\"731\" height=\"1024\" src=\"https:\/\/absinthe-originale.ch\/wp-content\/uploads\/2023\/06\/Verre_Absinthe-731x1024.jpg\" class=\"attachment-large size-large wp-image-34283\" alt=\"\" srcset=\"https:\/\/absinthe-originale.ch\/wp-content\/uploads\/2023\/06\/Verre_Absinthe-731x1024.jpg 731w, https:\/\/absinthe-originale.ch\/wp-content\/uploads\/2023\/06\/Verre_Absinthe-300x420.jpg 300w, https:\/\/absinthe-originale.ch\/wp-content\/uploads\/2023\/06\/Verre_Absinthe-600x840.jpg 600w, https:\/\/absinthe-originale.ch\/wp-content\/uploads\/2023\/06\/Verre_Absinthe-214x300.jpg 214w, https:\/\/absinthe-originale.ch\/wp-content\/uploads\/2023\/06\/Verre_Absinthe-768x1076.jpg 768w, https:\/\/absinthe-originale.ch\/wp-content\/uploads\/2023\/06\/Verre_Absinthe.jpg 1071w\" sizes=\"(max-width: 731px) 100vw, 731px\" \/>\t\t\t\t\t\t\t\t\t\t\t\t\t\t\t<\/div>\n\t\t\t\t<\/div>\n\t\t\t\t<\/div>\n\t\t<div class=\"elementor-element elementor-element-228aba4 e-con-full e-flex e-con e-child\" data-id=\"228aba4\" data-element_type=\"container\" data-e-type=\"container\">\n\t\t\t\t<div class=\"elementor-element elementor-element-8681f5b elementor-widget elementor-widget-image\" data-id=\"8681f5b\" data-element_type=\"widget\" data-e-type=\"widget\" data-widget_type=\"image.default\">\n\t\t\t\t<div class=\"elementor-widget-container\">\n\t\t\t\t\t\t\t\t\t\t\t\t\t\t\t<img decoding=\"async\" width=\"732\" height=\"1024\" src=\"https:\/\/absinthe-originale.ch\/wp-content\/uploads\/2023\/06\/PhilippeMartin-732x1024.jpg\" class=\"attachment-large size-large wp-image-34280\" alt=\"\" srcset=\"https:\/\/absinthe-originale.ch\/wp-content\/uploads\/2023\/06\/PhilippeMartin-732x1024.jpg 732w, https:\/\/absinthe-originale.ch\/wp-content\/uploads\/2023\/06\/PhilippeMartin-300x420.jpg 300w, https:\/\/absinthe-originale.ch\/wp-content\/uploads\/2023\/06\/PhilippeMartin-600x840.jpg 600w, https:\/\/absinthe-originale.ch\/wp-content\/uploads\/2023\/06\/PhilippeMartin-214x300.jpg 214w, https:\/\/absinthe-originale.ch\/wp-content\/uploads\/2023\/06\/PhilippeMartin-768x1075.jpg 768w, https:\/\/absinthe-originale.ch\/wp-content\/uploads\/2023\/06\/PhilippeMartin.jpg 1071w\" sizes=\"(max-width: 732px) 100vw, 732px\" \/>\t\t\t\t\t\t\t\t\t\t\t\t\t\t\t<\/div>\n\t\t\t\t<\/div>\n\t\t\t\t<\/div>\n\t\t<div class=\"elementor-element elementor-element-fe33f46 e-con-full e-flex e-con e-child\" data-id=\"fe33f46\" data-element_type=\"container\" data-e-type=\"container\">\n\t\t\t\t<div class=\"elementor-element elementor-element-3d54019 elementor-widget elementor-widget-image\" data-id=\"3d54019\" data-element_type=\"widget\" data-e-type=\"widget\" data-widget_type=\"image.default\">\n\t\t\t\t<div class=\"elementor-widget-container\">\n\t\t\t\t\t\t\t\t\t\t\t\t\t\t\t<img decoding=\"async\" width=\"732\" height=\"1024\" src=\"https:\/\/absinthe-originale.ch\/wp-content\/uploads\/2023\/06\/Fontaine_Absinthe-732x1024.jpg\" class=\"attachment-large size-large wp-image-34286\" alt=\"\" srcset=\"https:\/\/absinthe-originale.ch\/wp-content\/uploads\/2023\/06\/Fontaine_Absinthe-732x1024.jpg 732w, https:\/\/absinthe-originale.ch\/wp-content\/uploads\/2023\/06\/Fontaine_Absinthe-300x420.jpg 300w, https:\/\/absinthe-originale.ch\/wp-content\/uploads\/2023\/06\/Fontaine_Absinthe-600x840.jpg 600w, https:\/\/absinthe-originale.ch\/wp-content\/uploads\/2023\/06\/Fontaine_Absinthe-214x300.jpg 214w, https:\/\/absinthe-originale.ch\/wp-content\/uploads\/2023\/06\/Fontaine_Absinthe-768x1075.jpg 768w, https:\/\/absinthe-originale.ch\/wp-content\/uploads\/2023\/06\/Fontaine_Absinthe.jpg 1071w\" sizes=\"(max-width: 732px) 100vw, 732px\" \/>\t\t\t\t\t\t\t\t\t\t\t\t\t\t\t<\/div>\n\t\t\t\t<\/div>\n\t\t\t\t<\/div>\n\t\t\t\t\t<\/div>\n\t\t\t\t<\/div>\n\t\t<div class=\"elementor-element elementor-element-52a048b e-flex e-con-boxed e-con e-parent\" data-id=\"52a048b\" data-element_type=\"container\" data-e-type=\"container\">\n\t\t\t\t\t<div class=\"e-con-inner\">\n\t\t<div class=\"elementor-element elementor-element-8113500 e-con-full e-flex e-con e-child\" data-id=\"8113500\" data-element_type=\"container\" data-e-type=\"container\">\n\t\t\t\t<div class=\"elementor-element elementor-element-4985bd2 elementor-widget elementor-widget-image\" data-id=\"4985bd2\" data-element_type=\"widget\" data-e-type=\"widget\" data-widget_type=\"image.default\">\n\t\t\t\t<div class=\"elementor-widget-container\">\n\t\t\t\t\t\t\t\t\t\t\t\t\t\t\t<img loading=\"lazy\" decoding=\"async\" width=\"411\" height=\"164\" src=\"https:\/\/absinthe-originale.ch\/wp-content\/uploads\/2023\/06\/Pied_page-1.png\" class=\"attachment-full size-full wp-image-34262\" alt=\"\" srcset=\"https:\/\/absinthe-originale.ch\/wp-content\/uploads\/2023\/06\/Pied_page-1.png 411w, https:\/\/absinthe-originale.ch\/wp-content\/uploads\/2023\/06\/Pied_page-1-300x120.png 300w\" sizes=\"(max-width: 411px) 100vw, 411px\" \/>\t\t\t\t\t\t\t\t\t\t\t\t\t\t\t<\/div>\n\t\t\t\t<\/div>\n\t\t\t\t<\/div>\n\t\t\t\t\t<\/div>\n\t\t\t\t<\/div>\n\t\t\t\t<\/div>\n\t\t","protected":false},"excerpt":{"rendered":"<p>La storia di La Valote Martin L\u2019amore per un prodotto, la sua storia, il suo territorio : questo \u00e8 il segreto dell\u2019assenzio La Valote Martin distillato artigianalmente a Couvet, Val-de-Travers (Suisse). Questo \u201cblu\u201d , come denominato localmente, ha una gradevole amarezza ed un aroma composto da dieci tipi di piante (grande e piccolo assenzio, melissa, [&hellip;]<\/p>\n","protected":false},"author":1,"featured_media":0,"parent":0,"menu_order":0,"comment_status":"closed","ping_status":"closed","template":"","meta":{"site-sidebar-layout":"no-sidebar","site-content-layout":"page-builder","ast-site-content-layout":"full-width-container","site-content-style":"unboxed","site-sidebar-style":"unboxed","ast-global-header-display":"","ast-banner-title-visibility":"","ast-main-header-display":"","ast-hfb-above-header-display":"","ast-hfb-below-header-display":"","ast-hfb-mobile-header-display":"","site-post-title":"disabled","ast-breadcrumbs-content":"","ast-featured-img":"disabled","footer-sml-layout":"","ast-disable-related-posts":"","theme-transparent-header-meta":"","adv-header-id-meta":"","stick-header-meta":"","header-above-stick-meta":"","header-main-stick-meta":"","header-below-stick-meta":"","astra-migrate-meta-layouts":"default","ast-page-background-enabled":"default","ast-page-background-meta":{"desktop":{"background-color":"var(--ast-global-color-4)","background-image":"","background-repeat":"repeat","background-position":"center center","background-size":"auto","background-attachment":"scroll","background-type":"","background-media":"","overlay-type":"","overlay-color":"","overlay-opacity":"","overlay-gradient":""},"tablet":{"background-color":"","background-image":"","background-repeat":"repeat","background-position":"center center","background-size":"auto","background-attachment":"scroll","background-type":"","background-media":"","overlay-type":"","overlay-color":"","overlay-opacity":"","overlay-gradient":""},"mobile":{"background-color":"","background-image":"","background-repeat":"repeat","background-position":"center center","background-size":"auto","background-attachment":"scroll","background-type":"","background-media":"","overlay-type":"","overlay-color":"","overlay-opacity":"","overlay-gradient":""}},"ast-content-background-meta":{"desktop":{"background-color":"var(--ast-global-color-5)","background-image":"","background-repeat":"repeat","background-position":"center center","background-size":"auto","background-attachment":"scroll","background-type":"","background-media":"","overlay-type":"","overlay-color":"","overlay-opacity":"","overlay-gradient":""},"tablet":{"background-color":"var(--ast-global-color-5)","background-image":"","background-repeat":"repeat","background-position":"center center","background-size":"auto","background-attachment":"scroll","background-type":"","background-media":"","overlay-type":"","overlay-color":"","overlay-opacity":"","overlay-gradient":""},"mobile":{"background-color":"var(--ast-global-color-5)","background-image":"","background-repeat":"repeat","background-position":"center center","background-size":"auto","background-attachment":"scroll","background-type":"","background-media":"","overlay-type":"","overlay-color":"","overlay-opacity":"","overlay-gradient":""}},"_glsr_average":0,"_glsr_ranking":0,"_glsr_reviews":0,"footnotes":""},"class_list":["post-35088","page","type-page","status-publish","hentry"],"yoast_head":"<!-- This site is optimized with the Yoast SEO plugin v27.5 - https:\/\/yoast.com\/product\/yoast-seo-wordpress\/ -->\n<title>La nostra storia - Absinthe La Valote Martin<\/title>\n<meta name=\"robots\" content=\"index, follow, max-snippet:-1, max-image-preview:large, max-video-preview:-1\" \/>\n<link rel=\"canonical\" href=\"https:\/\/absinthe-originale.ch\/it\/la-nostra-storia\/\" \/>\n<meta property=\"og:locale\" content=\"it_IT\" \/>\n<meta property=\"og:type\" content=\"article\" \/>\n<meta property=\"og:title\" content=\"La nostra storia - Absinthe La Valote Martin\" \/>\n<meta property=\"og:description\" content=\"La storia di La Valote Martin L\u2019amore per un prodotto, la sua storia, il suo territorio : questo \u00e8 il segreto dell\u2019assenzio La Valote Martin distillato artigianalmente a Couvet, Val-de-Travers (Suisse). Questo \u201cblu\u201d , come denominato localmente, ha una gradevole amarezza ed un aroma composto da dieci tipi di piante (grande e piccolo assenzio, melissa, [&hellip;]\" \/>\n<meta property=\"og:url\" content=\"https:\/\/absinthe-originale.ch\/it\/la-nostra-storia\/\" \/>\n<meta property=\"og:site_name\" content=\"Absinthe La Valote Martin\" \/>\n<meta property=\"article:publisher\" content=\"https:\/\/www.facebook.com\/AbsintheLaValoteMartin\" \/>\n<meta property=\"article:modified_time\" content=\"2026-03-26T06:47:47+00:00\" \/>\n<meta property=\"og:image\" content=\"https:\/\/absinthe-originale.ch\/wp-content\/uploads\/2023\/06\/Verre_Absinthe.jpg\" \/>\n\t<meta property=\"og:image:width\" content=\"1071\" \/>\n\t<meta property=\"og:image:height\" content=\"1500\" \/>\n\t<meta property=\"og:image:type\" content=\"image\/jpeg\" \/>\n<meta name=\"twitter:card\" content=\"summary_large_image\" \/>\n<meta name=\"twitter:label1\" content=\"Tempo di lettura stimato\" \/>\n\t<meta name=\"twitter:data1\" content=\"3 minuti\" \/>\n<script type=\"application\/ld+json\" class=\"yoast-schema-graph\">{\"@context\":\"https:\\\/\\\/schema.org\",\"@graph\":[{\"@type\":\"WebPage\",\"@id\":\"https:\\\/\\\/absinthe-originale.ch\\\/it\\\/la-nostra-storia\\\/\",\"url\":\"https:\\\/\\\/absinthe-originale.ch\\\/it\\\/la-nostra-storia\\\/\",\"name\":\"La nostra storia - Absinthe La Valote Martin\",\"isPartOf\":{\"@id\":\"https:\\\/\\\/absinthe-originale.ch\\\/it\\\/#website\"},\"primaryImageOfPage\":{\"@id\":\"https:\\\/\\\/absinthe-originale.ch\\\/it\\\/la-nostra-storia\\\/#primaryimage\"},\"image\":{\"@id\":\"https:\\\/\\\/absinthe-originale.ch\\\/it\\\/la-nostra-storia\\\/#primaryimage\"},\"thumbnailUrl\":\"https:\\\/\\\/absinthe-originale.ch\\\/wp-content\\\/uploads\\\/2023\\\/06\\\/Verre_Absinthe-731x1024.jpg\",\"datePublished\":\"2023-04-25T09:04:08+00:00\",\"dateModified\":\"2026-03-26T06:47:47+00:00\",\"breadcrumb\":{\"@id\":\"https:\\\/\\\/absinthe-originale.ch\\\/it\\\/la-nostra-storia\\\/#breadcrumb\"},\"inLanguage\":\"it-IT\",\"potentialAction\":[{\"@type\":\"ReadAction\",\"target\":[\"https:\\\/\\\/absinthe-originale.ch\\\/it\\\/la-nostra-storia\\\/\"]}]},{\"@type\":\"ImageObject\",\"inLanguage\":\"it-IT\",\"@id\":\"https:\\\/\\\/absinthe-originale.ch\\\/it\\\/la-nostra-storia\\\/#primaryimage\",\"url\":\"https:\\\/\\\/absinthe-originale.ch\\\/wp-content\\\/uploads\\\/2023\\\/06\\\/Verre_Absinthe-731x1024.jpg\",\"contentUrl\":\"https:\\\/\\\/absinthe-originale.ch\\\/wp-content\\\/uploads\\\/2023\\\/06\\\/Verre_Absinthe-731x1024.jpg\"},{\"@type\":\"BreadcrumbList\",\"@id\":\"https:\\\/\\\/absinthe-originale.ch\\\/it\\\/la-nostra-storia\\\/#breadcrumb\",\"itemListElement\":[{\"@type\":\"ListItem\",\"position\":1,\"name\":\"Accueil\",\"item\":\"https:\\\/\\\/absinthe-originale.ch\\\/it\\\/homepage\\\/\"},{\"@type\":\"ListItem\",\"position\":2,\"name\":\"La nostra storia\"}]},{\"@type\":\"WebSite\",\"@id\":\"https:\\\/\\\/absinthe-originale.ch\\\/it\\\/#website\",\"url\":\"https:\\\/\\\/absinthe-originale.ch\\\/it\\\/\",\"name\":\"Absinthe La Valote Martin\",\"description\":\"Absinthe La Valote Martin Val-de-Travers\",\"publisher\":{\"@id\":\"https:\\\/\\\/absinthe-originale.ch\\\/it\\\/#organization\"},\"potentialAction\":[{\"@type\":\"SearchAction\",\"target\":{\"@type\":\"EntryPoint\",\"urlTemplate\":\"https:\\\/\\\/absinthe-originale.ch\\\/it\\\/?s={search_term_string}\"},\"query-input\":{\"@type\":\"PropertyValueSpecification\",\"valueRequired\":true,\"valueName\":\"search_term_string\"}}],\"inLanguage\":\"it-IT\"},{\"@type\":\"Organization\",\"@id\":\"https:\\\/\\\/absinthe-originale.ch\\\/it\\\/#organization\",\"name\":\"Absinthe La Valote Martin\",\"url\":\"https:\\\/\\\/absinthe-originale.ch\\\/it\\\/\",\"logo\":{\"@type\":\"ImageObject\",\"inLanguage\":\"it-IT\",\"@id\":\"https:\\\/\\\/absinthe-originale.ch\\\/it\\\/#\\\/schema\\\/logo\\\/image\\\/\",\"url\":\"https:\\\/\\\/absinthe-originale.ch\\\/wp-content\\\/uploads\\\/2023\\\/04\\\/LaValoteMartin_Logo.png\",\"contentUrl\":\"https:\\\/\\\/absinthe-originale.ch\\\/wp-content\\\/uploads\\\/2023\\\/04\\\/LaValoteMartin_Logo.png\",\"width\":800,\"height\":915,\"caption\":\"Absinthe La Valote Martin\"},\"image\":{\"@id\":\"https:\\\/\\\/absinthe-originale.ch\\\/it\\\/#\\\/schema\\\/logo\\\/image\\\/\"},\"sameAs\":[\"https:\\\/\\\/www.facebook.com\\\/AbsintheLaValoteMartin\",\"https:\\\/\\\/www.instagram.com\\\/absinthe_la_valote_martin\\\/\"]}]}<\/script>\n<!-- \/ Yoast SEO plugin. -->","yoast_head_json":{"title":"La nostra storia - Absinthe La Valote Martin","robots":{"index":"index","follow":"follow","max-snippet":"max-snippet:-1","max-image-preview":"max-image-preview:large","max-video-preview":"max-video-preview:-1"},"canonical":"https:\/\/absinthe-originale.ch\/it\/la-nostra-storia\/","og_locale":"it_IT","og_type":"article","og_title":"La nostra storia - Absinthe La Valote Martin","og_description":"La storia di La Valote Martin L\u2019amore per un prodotto, la sua storia, il suo territorio : questo \u00e8 il segreto dell\u2019assenzio La Valote Martin distillato artigianalmente a Couvet, Val-de-Travers (Suisse). Questo \u201cblu\u201d , come denominato localmente, ha una gradevole amarezza ed un aroma composto da dieci tipi di piante (grande e piccolo assenzio, melissa, [&hellip;]","og_url":"https:\/\/absinthe-originale.ch\/it\/la-nostra-storia\/","og_site_name":"Absinthe La Valote Martin","article_publisher":"https:\/\/www.facebook.com\/AbsintheLaValoteMartin","article_modified_time":"2026-03-26T06:47:47+00:00","og_image":[{"width":1071,"height":1500,"url":"https:\/\/absinthe-originale.ch\/wp-content\/uploads\/2023\/06\/Verre_Absinthe.jpg","type":"image\/jpeg"}],"twitter_card":"summary_large_image","twitter_misc":{"Tempo di lettura stimato":"3 minuti"},"schema":{"@context":"https:\/\/schema.org","@graph":[{"@type":"WebPage","@id":"https:\/\/absinthe-originale.ch\/it\/la-nostra-storia\/","url":"https:\/\/absinthe-originale.ch\/it\/la-nostra-storia\/","name":"La nostra storia - Absinthe La Valote Martin","isPartOf":{"@id":"https:\/\/absinthe-originale.ch\/it\/#website"},"primaryImageOfPage":{"@id":"https:\/\/absinthe-originale.ch\/it\/la-nostra-storia\/#primaryimage"},"image":{"@id":"https:\/\/absinthe-originale.ch\/it\/la-nostra-storia\/#primaryimage"},"thumbnailUrl":"https:\/\/absinthe-originale.ch\/wp-content\/uploads\/2023\/06\/Verre_Absinthe-731x1024.jpg","datePublished":"2023-04-25T09:04:08+00:00","dateModified":"2026-03-26T06:47:47+00:00","breadcrumb":{"@id":"https:\/\/absinthe-originale.ch\/it\/la-nostra-storia\/#breadcrumb"},"inLanguage":"it-IT","potentialAction":[{"@type":"ReadAction","target":["https:\/\/absinthe-originale.ch\/it\/la-nostra-storia\/"]}]},{"@type":"ImageObject","inLanguage":"it-IT","@id":"https:\/\/absinthe-originale.ch\/it\/la-nostra-storia\/#primaryimage","url":"https:\/\/absinthe-originale.ch\/wp-content\/uploads\/2023\/06\/Verre_Absinthe-731x1024.jpg","contentUrl":"https:\/\/absinthe-originale.ch\/wp-content\/uploads\/2023\/06\/Verre_Absinthe-731x1024.jpg"},{"@type":"BreadcrumbList","@id":"https:\/\/absinthe-originale.ch\/it\/la-nostra-storia\/#breadcrumb","itemListElement":[{"@type":"ListItem","position":1,"name":"Accueil","item":"https:\/\/absinthe-originale.ch\/it\/homepage\/"},{"@type":"ListItem","position":2,"name":"La nostra storia"}]},{"@type":"WebSite","@id":"https:\/\/absinthe-originale.ch\/it\/#website","url":"https:\/\/absinthe-originale.ch\/it\/","name":"Absinthe La Valote Martin","description":"Absinthe La Valote Martin Val-de-Travers","publisher":{"@id":"https:\/\/absinthe-originale.ch\/it\/#organization"},"potentialAction":[{"@type":"SearchAction","target":{"@type":"EntryPoint","urlTemplate":"https:\/\/absinthe-originale.ch\/it\/?s={search_term_string}"},"query-input":{"@type":"PropertyValueSpecification","valueRequired":true,"valueName":"search_term_string"}}],"inLanguage":"it-IT"},{"@type":"Organization","@id":"https:\/\/absinthe-originale.ch\/it\/#organization","name":"Absinthe La Valote Martin","url":"https:\/\/absinthe-originale.ch\/it\/","logo":{"@type":"ImageObject","inLanguage":"it-IT","@id":"https:\/\/absinthe-originale.ch\/it\/#\/schema\/logo\/image\/","url":"https:\/\/absinthe-originale.ch\/wp-content\/uploads\/2023\/04\/LaValoteMartin_Logo.png","contentUrl":"https:\/\/absinthe-originale.ch\/wp-content\/uploads\/2023\/04\/LaValoteMartin_Logo.png","width":800,"height":915,"caption":"Absinthe La Valote Martin"},"image":{"@id":"https:\/\/absinthe-originale.ch\/it\/#\/schema\/logo\/image\/"},"sameAs":["https:\/\/www.facebook.com\/AbsintheLaValoteMartin","https:\/\/www.instagram.com\/absinthe_la_valote_martin\/"]}]}},"_links":{"self":[{"href":"https:\/\/absinthe-originale.ch\/it\/wp-json\/wp\/v2\/pages\/35088","targetHints":{"allow":["GET"]}}],"collection":[{"href":"https:\/\/absinthe-originale.ch\/it\/wp-json\/wp\/v2\/pages"}],"about":[{"href":"https:\/\/absinthe-originale.ch\/it\/wp-json\/wp\/v2\/types\/page"}],"author":[{"embeddable":true,"href":"https:\/\/absinthe-originale.ch\/it\/wp-json\/wp\/v2\/users\/1"}],"replies":[{"embeddable":true,"href":"https:\/\/absinthe-originale.ch\/it\/wp-json\/wp\/v2\/comments?post=35088"}],"version-history":[{"count":6,"href":"https:\/\/absinthe-originale.ch\/it\/wp-json\/wp\/v2\/pages\/35088\/revisions"}],"predecessor-version":[{"id":36359,"href":"https:\/\/absinthe-originale.ch\/it\/wp-json\/wp\/v2\/pages\/35088\/revisions\/36359"}],"wp:attachment":[{"href":"https:\/\/absinthe-originale.ch\/it\/wp-json\/wp\/v2\/media?parent=35088"}],"curies":[{"name":"wp","href":"https:\/\/api.w.org\/{rel}","templated":true}]}}