{"id":35055,"date":"2023-04-25T09:40:24","date_gmt":"2023-04-25T07:40:24","guid":{"rendered":"https:\/\/absinthe-originale.ch\/contatto\/"},"modified":"2026-04-16T17:09:34","modified_gmt":"2026-04-16T15:09:34","slug":"contatto","status":"publish","type":"page","link":"https:\/\/absinthe-originale.ch\/it\/contatto\/","title":{"rendered":"Contatto"},"content":{"rendered":"\t\t<div data-elementor-type=\"wp-page\" data-elementor-id=\"35055\" class=\"elementor elementor-35055 elementor-29121\" data-elementor-post-type=\"page\">\n\t\t\t\t<div class=\"elementor-element elementor-element-2e9e38f5 e-flex e-con-boxed e-con e-parent\" data-id=\"2e9e38f5\" data-element_type=\"container\" data-e-type=\"container\" data-settings=\"{&quot;background_background&quot;:&quot;classic&quot;}\">\n\t\t\t\t\t<div class=\"e-con-inner\">\n\t\t<div class=\"elementor-element elementor-element-6a4ee332 e-con-full e-flex e-con e-child\" data-id=\"6a4ee332\" data-element_type=\"container\" data-e-type=\"container\">\n\t\t<div class=\"elementor-element elementor-element-73d5c4c8 e-con-full e-flex e-con e-child\" data-id=\"73d5c4c8\" data-element_type=\"container\" data-e-type=\"container\">\n\t\t\t\t<div class=\"elementor-element elementor-element-ad65747 elementor-widget elementor-widget-heading\" data-id=\"ad65747\" data-element_type=\"widget\" data-e-type=\"widget\" data-widget_type=\"heading.default\">\n\t\t\t\t<div class=\"elementor-widget-container\">\n\t\t\t\t\t<h2 class=\"elementor-heading-title elementor-size-default\">Vieni a trovarci<\/h2>\t\t\t\t<\/div>\n\t\t\t\t<\/div>\n\t\t\t\t<div class=\"elementor-element elementor-element-cc671f4 elementor-widget elementor-widget-text-editor\" data-id=\"cc671f4\" data-element_type=\"widget\" data-e-type=\"widget\" data-widget_type=\"text-editor.default\">\n\t\t\t\t<div class=\"elementor-widget-container\">\n\t\t\t\t\t\t\t\t\t<h4>Vendita diretta<\/h4><p>Dal luned\u00ec al gioved\u00ec dalle 8.00 alle 12.00 e dalle 13.30 alle 17.30.<br \/>Venerd\u00ec dalle 8.00 alle 12.00m chiuso nel pomeriggio.<\/p><h4><strong>Visite e degustazioni<\/strong><\/h4><p>Dal luned\u00ec al venerd\u00ec, dalle 10.00 alle 17.30. Il primo sabato del mese dalle 10:00 alle 17:00. <em>Visite degustazioni su prenotazione, minimo da 6<\/em><\/p>\t\t\t\t\t\t\t\t<\/div>\n\t\t\t\t<\/div>\n\t\t\t\t<div class=\"elementor-element elementor-element-2874526 elementor-hidden-tablet elementor-widget elementor-widget-text-editor\" data-id=\"2874526\" data-element_type=\"widget\" data-e-type=\"widget\" data-widget_type=\"text-editor.default\">\n\t\t\t\t<div class=\"elementor-widget-container\">\n\t\t\t\t\t\t\t\t\t<p>Assenzio la Valote Martin S\u00e0rl<br \/>Rue du Nessert 3<br \/>2108 Couvet<br \/>Neuch\u00e2tel, Svizzera<\/p>\t\t\t\t\t\t\t\t<\/div>\n\t\t\t\t<\/div>\n\t\t\t\t<div class=\"elementor-element elementor-element-3951797 elementor-hidden-tablet elementor-widget elementor-widget-text-editor\" data-id=\"3951797\" data-element_type=\"widget\" data-e-type=\"widget\" data-widget_type=\"text-editor.default\">\n\t\t\t\t<div class=\"elementor-widget-container\">\n\t\t\t\t\t\t\t\t\t<h3><strong>+41 32 861 26 54<br \/><\/strong><\/h3>\n\t\t\t\t\t\t\t\t<\/div>\n\t\t\t\t<\/div>\n\t\t\t\t<div class=\"elementor-element elementor-element-7232937 elementor-hidden-tablet elementor-widget elementor-widget-text-editor\" data-id=\"7232937\" data-element_type=\"widget\" data-e-type=\"widget\" data-widget_type=\"text-editor.default\">\n\t\t\t\t<div class=\"elementor-widget-container\">\n\t\t\t\t\t\t\t\t\t<h3><span style=\"color: #000000;\"><a style=\"color: #000000;\" href=\"mailto:info@absinthe-originale.ch\">info@absinthe-originale.ch<\/a><\/span><\/h3>\n\t\t\t\t\t\t\t\t<\/div>\n\t\t\t\t<\/div>\n\t\t\t\t<\/div>\n\t\t<div class=\"elementor-element elementor-element-69a261a5 e-con-full e-flex e-con e-child\" data-id=\"69a261a5\" data-element_type=\"container\" data-e-type=\"container\" data-settings=\"{&quot;background_background&quot;:&quot;classic&quot;}\">\n\t\t\t\t<div class=\"elementor-element elementor-element-42cffb1 elementor-widget elementor-widget-heading\" data-id=\"42cffb1\" data-element_type=\"widget\" data-e-type=\"widget\" data-widget_type=\"heading.default\">\n\t\t\t\t<div class=\"elementor-widget-container\">\n\t\t\t\t\t<h2 class=\"elementor-heading-title elementor-size-default\">Contattaci<\/h2>\t\t\t\t<\/div>\n\t\t\t\t<\/div>\n\t\t\t\t<div class=\"elementor-element elementor-element-368c2969 elementor-button-align-end elementor-mobile-button-align-center elementor-widget elementor-widget-form\" data-id=\"368c2969\" data-element_type=\"widget\" data-e-type=\"widget\" data-settings=\"{&quot;step_next_label&quot;:&quot;Avanti&quot;,&quot;step_previous_label&quot;:&quot;Precedente&quot;,&quot;button_width&quot;:&quot;100&quot;,&quot;step_type&quot;:&quot;number_text&quot;,&quot;step_icon_shape&quot;:&quot;circle&quot;}\" data-widget_type=\"form.default\">\n\t\t\t\t<div class=\"elementor-widget-container\">\n\t\t\t\t\t\t\t<form class=\"elementor-form\" method=\"post\" name=\"Nuovo modulo\" aria-label=\"Nuovo modulo\">\n\t\t\t<input type=\"hidden\" name=\"post_id\" value=\"35055\"\/>\n\t\t\t<input type=\"hidden\" name=\"form_id\" value=\"368c2969\"\/>\n\t\t\t<input type=\"hidden\" name=\"referer_title\" value=\"Contatto - Absinthe La Valote Martin\" \/>\n\n\t\t\t\t\t\t\t<input type=\"hidden\" name=\"queried_id\" value=\"35055\"\/>\n\t\t\t\n\t\t\t<div class=\"elementor-form-fields-wrapper elementor-labels-\">\n\t\t\t\t\t\t\t\t<div class=\"elementor-field-type-text elementor-field-group elementor-column elementor-field-group-name elementor-col-50 elementor-field-required\">\n\t\t\t\t\t\t\t\t\t\t\t\t<label for=\"form-field-name\" class=\"elementor-field-label elementor-screen-only\">\n\t\t\t\t\t\t\t\tNome\t\t\t\t\t\t\t<\/label>\n\t\t\t\t\t\t\t\t\t\t\t\t\t\t<input size=\"1\" type=\"text\" name=\"form_fields[name]\" id=\"form-field-name\" class=\"elementor-field elementor-size-sm  elementor-field-textual\" placeholder=\"Nome\" required=\"required\">\n\t\t\t\t\t\t\t\t\t\t\t<\/div>\n\t\t\t\t\t\t\t\t<div class=\"elementor-field-type-text elementor-field-group elementor-column elementor-field-group-field_5e63ec7 elementor-col-50\">\n\t\t\t\t\t\t\t\t\t\t\t\t<label for=\"form-field-field_5e63ec7\" class=\"elementor-field-label elementor-screen-only\">\n\t\t\t\t\t\t\t\tNome\t\t\t\t\t\t\t<\/label>\n\t\t\t\t\t\t\t\t\t\t\t\t\t\t<input size=\"1\" type=\"text\" name=\"form_fields[field_5e63ec7]\" id=\"form-field-field_5e63ec7\" class=\"elementor-field elementor-size-sm  elementor-field-textual\" placeholder=\"Nome\">\n\t\t\t\t\t\t\t\t\t\t\t<\/div>\n\t\t\t\t\t\t\t\t<div class=\"elementor-field-type-tel elementor-field-group elementor-column elementor-field-group-field_f5f1e1b elementor-col-50\">\n\t\t\t\t\t\t\t\t\t\t\t\t<label for=\"form-field-field_f5f1e1b\" class=\"elementor-field-label elementor-screen-only\">\n\t\t\t\t\t\t\t\tTelefono\t\t\t\t\t\t\t<\/label>\n\t\t\t\t\t\t\t\t<input size=\"1\" type=\"tel\" name=\"form_fields[field_f5f1e1b]\" id=\"form-field-field_f5f1e1b\" class=\"elementor-field elementor-size-sm  elementor-field-textual\" placeholder=\"Telefono\" pattern=\"[0-9()#&amp;+*-=.]+\" title=\"Sono accettati solo numeri e caratteri telefonici (#, -, *, ecc.).\">\n\n\t\t\t\t\t\t<\/div>\n\t\t\t\t\t\t\t\t<div class=\"elementor-field-type-email elementor-field-group elementor-column elementor-field-group-email elementor-col-50 elementor-field-required\">\n\t\t\t\t\t\t\t\t\t\t\t\t<label for=\"form-field-email\" class=\"elementor-field-label elementor-screen-only\">\n\t\t\t\t\t\t\t\tEmail\t\t\t\t\t\t\t<\/label>\n\t\t\t\t\t\t\t\t\t\t\t\t\t\t<input size=\"1\" type=\"email\" name=\"form_fields[email]\" id=\"form-field-email\" class=\"elementor-field elementor-size-sm  elementor-field-textual\" placeholder=\"Email\" required=\"required\">\n\t\t\t\t\t\t\t\t\t\t\t<\/div>\n\t\t\t\t\t\t\t\t<div class=\"elementor-field-type-textarea elementor-field-group elementor-column elementor-field-group-message elementor-col-100\">\n\t\t\t\t\t\t\t\t\t\t\t\t<label for=\"form-field-message\" class=\"elementor-field-label elementor-screen-only\">\n\t\t\t\t\t\t\t\tMessaggio\t\t\t\t\t\t\t<\/label>\n\t\t\t\t\t\t<textarea class=\"elementor-field-textual elementor-field  elementor-size-sm\" name=\"form_fields[message]\" id=\"form-field-message\" rows=\"4\" placeholder=\"Come possiamo aiutarti?\"><\/textarea>\t\t\t\t<\/div>\n\t\t\t\t\t\t\t\t<div class=\"elementor-field-type-recaptcha_v3 elementor-field-group elementor-column elementor-field-group-field_46a3e13 elementor-col-100 recaptcha_v3-bottomright\">\n\t\t\t\t\t<div class=\"elementor-field\" id=\"form-field-field_46a3e13\"><div class=\"elementor-g-recaptcha\" data-sitekey=\"6Ld8pOopAAAAAJNGLpiLJJlrzcVTUKiDcbKP9CNe\" data-type=\"v3\" data-action=\"Form\" data-badge=\"bottomright\" data-size=\"invisible\"><\/div><\/div>\t\t\t\t<\/div>\n\t\t\t\t\t\t\t\t<div class=\"elementor-field-group elementor-column elementor-field-type-submit elementor-col-100 e-form__buttons\">\n\t\t\t\t\t<button class=\"elementor-button elementor-size-md\" type=\"submit\">\n\t\t\t\t\t\t<span class=\"elementor-button-content-wrapper\">\n\t\t\t\t\t\t\t\t\t\t\t\t\t\t\t\t\t\t\t\t\t\t<span class=\"elementor-button-text\">Invia<\/span>\n\t\t\t\t\t\t\t\t\t\t\t\t\t<\/span>\n\t\t\t\t\t<\/button>\n\t\t\t\t<\/div>\n\t\t\t<\/div>\n\t\t<\/form>\n\t\t\t\t\t\t<\/div>\n\t\t\t\t<\/div>\n\t\t\t\t<\/div>\n\t\t\t\t<\/div>\n\t\t<div class=\"elementor-element elementor-element-c279088 e-con-full elementor-hidden-desktop elementor-hidden-mobile e-flex e-con e-child\" data-id=\"c279088\" data-element_type=\"container\" data-e-type=\"container\">\n\t\t\t\t<div class=\"elementor-element elementor-element-ae089cd elementor-widget elementor-widget-text-editor\" data-id=\"ae089cd\" data-element_type=\"widget\" data-e-type=\"widget\" data-widget_type=\"text-editor.default\">\n\t\t\t\t<div class=\"elementor-widget-container\">\n\t\t\t\t\t\t\t\t\t<p>Assenzio la Valote Martin S\u00e0rl<br \/>Rue du Nessert 3<br \/>2108 Couvet<br \/>Neuch\u00e2tel, Svizzera<\/p>\t\t\t\t\t\t\t\t<\/div>\n\t\t\t\t<\/div>\n\t\t\t\t<div class=\"elementor-element elementor-element-fc51e80 elementor-widget elementor-widget-text-editor\" data-id=\"fc51e80\" data-element_type=\"widget\" data-e-type=\"widget\" data-widget_type=\"text-editor.default\">\n\t\t\t\t<div class=\"elementor-widget-container\">\n\t\t\t\t\t\t\t\t\t<h3><strong>+41 32 861 26 54<br \/><\/strong><\/h3>\n\t\t\t\t\t\t\t\t<\/div>\n\t\t\t\t<\/div>\n\t\t\t\t<div class=\"elementor-element elementor-element-c7acbd2 elementor-widget elementor-widget-text-editor\" data-id=\"c7acbd2\" data-element_type=\"widget\" data-e-type=\"widget\" data-widget_type=\"text-editor.default\">\n\t\t\t\t<div class=\"elementor-widget-container\">\n\t\t\t\t\t\t\t\t\t<h3><span style=\"color: #000000;\"><a style=\"color: #000000;\" href=\"mailto:info@absinthe-originale.ch\">info@absinthe-originale.ch<\/a><\/span><\/h3>\n\t\t\t\t\t\t\t\t<\/div>\n\t\t\t\t<\/div>\n\t\t\t\t<\/div>\n\t\t\t\t\t<\/div>\n\t\t\t\t<\/div>\n\t\t<div class=\"elementor-element elementor-element-53308a1 e-flex e-con-boxed e-con e-parent\" data-id=\"53308a1\" data-element_type=\"container\" data-e-type=\"container\" data-settings=\"{&quot;background_background&quot;:&quot;classic&quot;}\">\n\t\t\t\t\t<div class=\"e-con-inner\">\n\t\t\t\t<div class=\"elementor-element elementor-element-01862cd elementor-widget elementor-widget-google_maps\" data-id=\"01862cd\" data-element_type=\"widget\" data-e-type=\"widget\" data-widget_type=\"google_maps.default\">\n\t\t\t\t<div class=\"elementor-widget-container\">\n\t\t\t\t\t\t\t<div class=\"elementor-custom-embed\">\n\t\t\t<iframe loading=\"lazy\"\n\t\t\t\t\tsrc=\"https:\/\/maps.google.com\/maps?q=Rue%20du%20quarre%2010%2C%20val-de-travers&#038;t=m&#038;z=12&#038;output=embed&#038;iwloc=near\"\n\t\t\t\t\ttitle=\"Rue du quarre 10, val-de-travers\"\n\t\t\t\t\taria-label=\"Rue du quarre 10, val-de-travers\"\n\t\t\t><\/iframe>\n\t\t<\/div>\n\t\t\t\t\t\t<\/div>\n\t\t\t\t<\/div>\n\t\t\t\t\t<\/div>\n\t\t\t\t<\/div>\n\t\t\t\t<\/div>\n\t\t","protected":false},"excerpt":{"rendered":"<p>Vieni a trovarci Vendita diretta Dal luned\u00ec al gioved\u00ec dalle 8.00 alle 12.00 e dalle 13.30 alle 17.30.Venerd\u00ec dalle 8.00 alle 12.00m chiuso nel pomeriggio. Visite e degustazioni Dal luned\u00ec al venerd\u00ec, dalle 10.00 alle 17.30. Il primo sabato del mese dalle 10:00 alle 17:00. Visite degustazioni su prenotazione, minimo da 6 Assenzio la Valote [&hellip;]<\/p>\n","protected":false},"author":1,"featured_media":0,"parent":0,"menu_order":0,"comment_status":"closed","ping_status":"closed","template":"","meta":{"site-sidebar-layout":"no-sidebar","site-content-layout":"page-builder","ast-site-content-layout":"full-width-container","site-content-style":"unboxed","site-sidebar-style":"unboxed","ast-global-header-display":"","ast-banner-title-visibility":"","ast-main-header-display":"","ast-hfb-above-header-display":"","ast-hfb-below-header-display":"","ast-hfb-mobile-header-display":"","site-post-title":"disabled","ast-breadcrumbs-content":"","ast-featured-img":"disabled","footer-sml-layout":"","ast-disable-related-posts":"","theme-transparent-header-meta":"","adv-header-id-meta":"","stick-header-meta":"","header-above-stick-meta":"","header-main-stick-meta":"","header-below-stick-meta":"","astra-migrate-meta-layouts":"default","ast-page-background-enabled":"default","ast-page-background-meta":{"desktop":{"background-color":"var(--ast-global-color-4)","background-image":"","background-repeat":"repeat","background-position":"center center","background-size":"auto","background-attachment":"scroll","background-type":"","background-media":"","overlay-type":"","overlay-color":"","overlay-opacity":"","overlay-gradient":""},"tablet":{"background-color":"","background-image":"","background-repeat":"repeat","background-position":"center center","background-size":"auto","background-attachment":"scroll","background-type":"","background-media":"","overlay-type":"","overlay-color":"","overlay-opacity":"","overlay-gradient":""},"mobile":{"background-color":"","background-image":"","background-repeat":"repeat","background-position":"center center","background-size":"auto","background-attachment":"scroll","background-type":"","background-media":"","overlay-type":"","overlay-color":"","overlay-opacity":"","overlay-gradient":""}},"ast-content-background-meta":{"desktop":{"background-color":"var(--ast-global-color-5)","background-image":"","background-repeat":"repeat","background-position":"center center","background-size":"auto","background-attachment":"scroll","background-type":"","background-media":"","overlay-type":"","overlay-color":"","overlay-opacity":"","overlay-gradient":""},"tablet":{"background-color":"var(--ast-global-color-5)","background-image":"","background-repeat":"repeat","background-position":"center center","background-size":"auto","background-attachment":"scroll","background-type":"","background-media":"","overlay-type":"","overlay-color":"","overlay-opacity":"","overlay-gradient":""},"mobile":{"background-color":"var(--ast-global-color-5)","background-image":"","background-repeat":"repeat","background-position":"center center","background-size":"auto","background-attachment":"scroll","background-type":"","background-media":"","overlay-type":"","overlay-color":"","overlay-opacity":"","overlay-gradient":""}},"_glsr_average":0,"_glsr_ranking":0,"_glsr_reviews":0,"footnotes":""},"class_list":["post-35055","page","type-page","status-publish","hentry"],"yoast_head":"<!-- This site is optimized with the Yoast SEO plugin v27.5 - https:\/\/yoast.com\/product\/yoast-seo-wordpress\/ -->\n<title>Contatto - Absinthe La Valote Martin<\/title>\n<meta name=\"robots\" content=\"index, follow, max-snippet:-1, max-image-preview:large, max-video-preview:-1\" \/>\n<link rel=\"canonical\" href=\"https:\/\/absinthe-originale.ch\/it\/contatto\/\" \/>\n<meta property=\"og:locale\" content=\"it_IT\" \/>\n<meta property=\"og:type\" content=\"article\" \/>\n<meta property=\"og:title\" content=\"Contatto - Absinthe La Valote Martin\" \/>\n<meta property=\"og:description\" content=\"Vieni a trovarci Vendita diretta Dal luned\u00ec al gioved\u00ec dalle 8.00 alle 12.00 e dalle 13.30 alle 17.30.Venerd\u00ec dalle 8.00 alle 12.00m chiuso nel pomeriggio. Visite e degustazioni Dal luned\u00ec al venerd\u00ec, dalle 10.00 alle 17.30. Il primo sabato del mese dalle 10:00 alle 17:00. Visite degustazioni su prenotazione, minimo da 6 Assenzio la Valote [&hellip;]\" \/>\n<meta property=\"og:url\" content=\"https:\/\/absinthe-originale.ch\/it\/contatto\/\" \/>\n<meta property=\"og:site_name\" content=\"Absinthe La Valote Martin\" \/>\n<meta property=\"article:publisher\" content=\"https:\/\/www.facebook.com\/AbsintheLaValoteMartin\" \/>\n<meta property=\"article:modified_time\" content=\"2026-04-16T15:09:34+00:00\" \/>\n<meta name=\"twitter:card\" content=\"summary_large_image\" \/>\n<meta name=\"twitter:label1\" content=\"Tempo di lettura stimato\" \/>\n\t<meta name=\"twitter:data1\" content=\"1 minuto\" \/>\n<script type=\"application\/ld+json\" class=\"yoast-schema-graph\">{\"@context\":\"https:\\\/\\\/schema.org\",\"@graph\":[{\"@type\":\"WebPage\",\"@id\":\"https:\\\/\\\/absinthe-originale.ch\\\/it\\\/contatto\\\/\",\"url\":\"https:\\\/\\\/absinthe-originale.ch\\\/it\\\/contatto\\\/\",\"name\":\"Contatto - Absinthe La Valote Martin\",\"isPartOf\":{\"@id\":\"https:\\\/\\\/absinthe-originale.ch\\\/it\\\/#website\"},\"datePublished\":\"2023-04-25T07:40:24+00:00\",\"dateModified\":\"2026-04-16T15:09:34+00:00\",\"breadcrumb\":{\"@id\":\"https:\\\/\\\/absinthe-originale.ch\\\/it\\\/contatto\\\/#breadcrumb\"},\"inLanguage\":\"it-IT\",\"potentialAction\":[{\"@type\":\"ReadAction\",\"target\":[\"https:\\\/\\\/absinthe-originale.ch\\\/it\\\/contatto\\\/\"]}]},{\"@type\":\"BreadcrumbList\",\"@id\":\"https:\\\/\\\/absinthe-originale.ch\\\/it\\\/contatto\\\/#breadcrumb\",\"itemListElement\":[{\"@type\":\"ListItem\",\"position\":1,\"name\":\"Accueil\",\"item\":\"https:\\\/\\\/absinthe-originale.ch\\\/it\\\/homepage\\\/\"},{\"@type\":\"ListItem\",\"position\":2,\"name\":\"Contatto\"}]},{\"@type\":\"WebSite\",\"@id\":\"https:\\\/\\\/absinthe-originale.ch\\\/it\\\/#website\",\"url\":\"https:\\\/\\\/absinthe-originale.ch\\\/it\\\/\",\"name\":\"Absinthe La Valote Martin\",\"description\":\"Absinthe La Valote Martin Val-de-Travers\",\"publisher\":{\"@id\":\"https:\\\/\\\/absinthe-originale.ch\\\/it\\\/#organization\"},\"potentialAction\":[{\"@type\":\"SearchAction\",\"target\":{\"@type\":\"EntryPoint\",\"urlTemplate\":\"https:\\\/\\\/absinthe-originale.ch\\\/it\\\/?s={search_term_string}\"},\"query-input\":{\"@type\":\"PropertyValueSpecification\",\"valueRequired\":true,\"valueName\":\"search_term_string\"}}],\"inLanguage\":\"it-IT\"},{\"@type\":\"Organization\",\"@id\":\"https:\\\/\\\/absinthe-originale.ch\\\/it\\\/#organization\",\"name\":\"Absinthe La Valote Martin\",\"url\":\"https:\\\/\\\/absinthe-originale.ch\\\/it\\\/\",\"logo\":{\"@type\":\"ImageObject\",\"inLanguage\":\"it-IT\",\"@id\":\"https:\\\/\\\/absinthe-originale.ch\\\/it\\\/#\\\/schema\\\/logo\\\/image\\\/\",\"url\":\"https:\\\/\\\/absinthe-originale.ch\\\/wp-content\\\/uploads\\\/2023\\\/04\\\/LaValoteMartin_Logo.png\",\"contentUrl\":\"https:\\\/\\\/absinthe-originale.ch\\\/wp-content\\\/uploads\\\/2023\\\/04\\\/LaValoteMartin_Logo.png\",\"width\":800,\"height\":915,\"caption\":\"Absinthe La Valote Martin\"},\"image\":{\"@id\":\"https:\\\/\\\/absinthe-originale.ch\\\/it\\\/#\\\/schema\\\/logo\\\/image\\\/\"},\"sameAs\":[\"https:\\\/\\\/www.facebook.com\\\/AbsintheLaValoteMartin\",\"https:\\\/\\\/www.instagram.com\\\/absinthe_la_valote_martin\\\/\"]}]}<\/script>\n<!-- \/ Yoast SEO plugin. -->","yoast_head_json":{"title":"Contatto - Absinthe La Valote Martin","robots":{"index":"index","follow":"follow","max-snippet":"max-snippet:-1","max-image-preview":"max-image-preview:large","max-video-preview":"max-video-preview:-1"},"canonical":"https:\/\/absinthe-originale.ch\/it\/contatto\/","og_locale":"it_IT","og_type":"article","og_title":"Contatto - Absinthe La Valote Martin","og_description":"Vieni a trovarci Vendita diretta Dal luned\u00ec al gioved\u00ec dalle 8.00 alle 12.00 e dalle 13.30 alle 17.30.Venerd\u00ec dalle 8.00 alle 12.00m chiuso nel pomeriggio. Visite e degustazioni Dal luned\u00ec al venerd\u00ec, dalle 10.00 alle 17.30. Il primo sabato del mese dalle 10:00 alle 17:00. Visite degustazioni su prenotazione, minimo da 6 Assenzio la Valote [&hellip;]","og_url":"https:\/\/absinthe-originale.ch\/it\/contatto\/","og_site_name":"Absinthe La Valote Martin","article_publisher":"https:\/\/www.facebook.com\/AbsintheLaValoteMartin","article_modified_time":"2026-04-16T15:09:34+00:00","twitter_card":"summary_large_image","twitter_misc":{"Tempo di lettura stimato":"1 minuto"},"schema":{"@context":"https:\/\/schema.org","@graph":[{"@type":"WebPage","@id":"https:\/\/absinthe-originale.ch\/it\/contatto\/","url":"https:\/\/absinthe-originale.ch\/it\/contatto\/","name":"Contatto - Absinthe La Valote Martin","isPartOf":{"@id":"https:\/\/absinthe-originale.ch\/it\/#website"},"datePublished":"2023-04-25T07:40:24+00:00","dateModified":"2026-04-16T15:09:34+00:00","breadcrumb":{"@id":"https:\/\/absinthe-originale.ch\/it\/contatto\/#breadcrumb"},"inLanguage":"it-IT","potentialAction":[{"@type":"ReadAction","target":["https:\/\/absinthe-originale.ch\/it\/contatto\/"]}]},{"@type":"BreadcrumbList","@id":"https:\/\/absinthe-originale.ch\/it\/contatto\/#breadcrumb","itemListElement":[{"@type":"ListItem","position":1,"name":"Accueil","item":"https:\/\/absinthe-originale.ch\/it\/homepage\/"},{"@type":"ListItem","position":2,"name":"Contatto"}]},{"@type":"WebSite","@id":"https:\/\/absinthe-originale.ch\/it\/#website","url":"https:\/\/absinthe-originale.ch\/it\/","name":"Absinthe La Valote Martin","description":"Absinthe La Valote Martin Val-de-Travers","publisher":{"@id":"https:\/\/absinthe-originale.ch\/it\/#organization"},"potentialAction":[{"@type":"SearchAction","target":{"@type":"EntryPoint","urlTemplate":"https:\/\/absinthe-originale.ch\/it\/?s={search_term_string}"},"query-input":{"@type":"PropertyValueSpecification","valueRequired":true,"valueName":"search_term_string"}}],"inLanguage":"it-IT"},{"@type":"Organization","@id":"https:\/\/absinthe-originale.ch\/it\/#organization","name":"Absinthe La Valote Martin","url":"https:\/\/absinthe-originale.ch\/it\/","logo":{"@type":"ImageObject","inLanguage":"it-IT","@id":"https:\/\/absinthe-originale.ch\/it\/#\/schema\/logo\/image\/","url":"https:\/\/absinthe-originale.ch\/wp-content\/uploads\/2023\/04\/LaValoteMartin_Logo.png","contentUrl":"https:\/\/absinthe-originale.ch\/wp-content\/uploads\/2023\/04\/LaValoteMartin_Logo.png","width":800,"height":915,"caption":"Absinthe La Valote Martin"},"image":{"@id":"https:\/\/absinthe-originale.ch\/it\/#\/schema\/logo\/image\/"},"sameAs":["https:\/\/www.facebook.com\/AbsintheLaValoteMartin","https:\/\/www.instagram.com\/absinthe_la_valote_martin\/"]}]}},"_links":{"self":[{"href":"https:\/\/absinthe-originale.ch\/it\/wp-json\/wp\/v2\/pages\/35055","targetHints":{"allow":["GET"]}}],"collection":[{"href":"https:\/\/absinthe-originale.ch\/it\/wp-json\/wp\/v2\/pages"}],"about":[{"href":"https:\/\/absinthe-originale.ch\/it\/wp-json\/wp\/v2\/types\/page"}],"author":[{"embeddable":true,"href":"https:\/\/absinthe-originale.ch\/it\/wp-json\/wp\/v2\/users\/1"}],"replies":[{"embeddable":true,"href":"https:\/\/absinthe-originale.ch\/it\/wp-json\/wp\/v2\/comments?post=35055"}],"version-history":[{"count":9,"href":"https:\/\/absinthe-originale.ch\/it\/wp-json\/wp\/v2\/pages\/35055\/revisions"}],"predecessor-version":[{"id":36413,"href":"https:\/\/absinthe-originale.ch\/it\/wp-json\/wp\/v2\/pages\/35055\/revisions\/36413"}],"wp:attachment":[{"href":"https:\/\/absinthe-originale.ch\/it\/wp-json\/wp\/v2\/media?parent=35055"}],"curies":[{"name":"wp","href":"https:\/\/api.w.org\/{rel}","templated":true}]}}