{"id":34656,"date":"2023-05-11T15:17:55","date_gmt":"2023-05-11T13:17:55","guid":{"rendered":"https:\/\/absinthe-originale.ch\/produit\/absinth-bacchus\/"},"modified":"2024-05-28T18:04:02","modified_gmt":"2024-05-28T16:04:02","slug":"absinth-bacchus","status":"publish","type":"product","link":"https:\/\/absinthe-originale.ch\/de\/produit\/absinth-bacchus\/","title":{"rendered":"Absinthe Bacchus"},"content":{"rendered":"<p>Ein bernsteinfarbener Absinthe mit einer intensiven Nase, mit einem Hauch von gro\u00dfem Wermut, Anis, Lakritze sowie holzigen Noten.<br \/>\nIm Mund ist dieser rund, volumin\u00f6s, sehr aromatisch, aber nicht bitter.<\/p>\n<p>Zusammenfassend: Ein Absinthe, der die ausgetretenen Pfade verl\u00e4sst, ohne seine urspr\u00fcngliche Seele zu verlieren. Er ist ausdrucksstark und gleichzeitig von bemerkenswerter Finesse, mit einer au\u00dfergew\u00f6hnlichen aromatischen Komplexit\u00e4t.<br \/>\nPur oder mit ein paar Tropfen kaltem Wasser trinken.<\/p>\n","protected":false},"excerpt":{"rendered":"<p><strong>47% Vol.  <\/strong>&#8211; 50 cl<\/p>\n","protected":false},"featured_media":34180,"comment_status":"open","ping_status":"closed","template":"","meta":{"site-sidebar-layout":"default","site-content-layout":"default","ast-site-content-layout":"default","site-content-style":"default","site-sidebar-style":"default","ast-global-header-display":"","ast-banner-title-visibility":"","ast-main-header-display":"","ast-hfb-above-header-display":"","ast-hfb-below-header-display":"","ast-hfb-mobile-header-display":"","site-post-title":"","ast-breadcrumbs-content":"","ast-featured-img":"","footer-sml-layout":"","ast-disable-related-posts":"","theme-transparent-header-meta":"default","adv-header-id-meta":"","stick-header-meta":"","header-above-stick-meta":"","header-main-stick-meta":"","header-below-stick-meta":"","astra-migrate-meta-layouts":"default","ast-page-background-enabled":"default","ast-page-background-meta":{"desktop":{"background-color":"var(--ast-global-color-4)","background-image":"","background-repeat":"repeat","background-position":"center center","background-size":"auto","background-attachment":"scroll","background-type":"","background-media":"","overlay-type":"","overlay-color":"","overlay-opacity":"","overlay-gradient":""},"tablet":{"background-color":"","background-image":"","background-repeat":"repeat","background-position":"center center","background-size":"auto","background-attachment":"scroll","background-type":"","background-media":"","overlay-type":"","overlay-color":"","overlay-opacity":"","overlay-gradient":""},"mobile":{"background-color":"","background-image":"","background-repeat":"repeat","background-position":"center center","background-size":"auto","background-attachment":"scroll","background-type":"","background-media":"","overlay-type":"","overlay-color":"","overlay-opacity":"","overlay-gradient":""}},"ast-content-background-meta":{"desktop":{"background-color":"var(--ast-global-color-5)","background-image":"","background-repeat":"repeat","background-position":"center center","background-size":"auto","background-attachment":"scroll","background-type":"","background-media":"","overlay-type":"","overlay-color":"","overlay-opacity":"","overlay-gradient":""},"tablet":{"background-color":"var(--ast-global-color-5)","background-image":"","background-repeat":"repeat","background-position":"center center","background-size":"auto","background-attachment":"scroll","background-type":"","background-media":"","overlay-type":"","overlay-color":"","overlay-opacity":"","overlay-gradient":""},"mobile":{"background-color":"var(--ast-global-color-5)","background-image":"","background-repeat":"repeat","background-position":"center center","background-size":"auto","background-attachment":"scroll","background-type":"","background-media":"","overlay-type":"","overlay-color":"","overlay-opacity":"","overlay-gradient":""}},"_glsr_average":5,"_glsr_ranking":3.6363636363636,"_glsr_reviews":1},"product_brand":[],"product_cat":[120],"product_tag":[],"class_list":{"0":"post-34656","1":"product","2":"type-product","3":"status-publish","4":"has-post-thumbnail","6":"product_cat-glamouroese","7":"desktop-align-left","8":"tablet-align-left","9":"mobile-align-left","10":"ast-product-gallery-layout-horizontal-slider","11":"ast-product-gallery-with-no-image","12":"ast-magnify-disabled","13":"ast-product-tabs-layout-horizontal","15":"first","16":"instock","17":"taxable","18":"shipping-taxable","19":"purchasable","20":"product-type-simple"},"yoast_head":"<!-- This site is optimized with the Yoast SEO plugin v27.5 - https:\/\/yoast.com\/product\/yoast-seo-wordpress\/ -->\n<title>Absinthe Bacchus - Absinthe La Valote Martin<\/title>\n<meta name=\"robots\" content=\"index, follow, max-snippet:-1, max-image-preview:large, max-video-preview:-1\" \/>\n<link rel=\"canonical\" href=\"https:\/\/absinthe-originale.ch\/de\/produit\/absinth-bacchus\/\" \/>\n<meta property=\"og:locale\" content=\"de_DE\" \/>\n<meta property=\"og:type\" content=\"article\" \/>\n<meta property=\"og:title\" content=\"Absinthe Bacchus - Absinthe La Valote Martin\" \/>\n<meta property=\"og:description\" content=\"47% Vol. - 50 cl\" \/>\n<meta property=\"og:url\" content=\"https:\/\/absinthe-originale.ch\/de\/produit\/absinth-bacchus\/\" \/>\n<meta property=\"og:site_name\" content=\"Absinthe La Valote Martin\" \/>\n<meta property=\"article:publisher\" content=\"https:\/\/www.facebook.com\/AbsintheLaValoteMartin\" \/>\n<meta property=\"article:modified_time\" content=\"2024-05-28T16:04:02+00:00\" \/>\n<meta property=\"og:image\" content=\"https:\/\/absinthe-originale.ch\/wp-content\/uploads\/2023\/05\/Absinthe_Bacchus.jpg\" \/>\n\t<meta property=\"og:image:width\" content=\"1000\" \/>\n\t<meta property=\"og:image:height\" content=\"1500\" \/>\n\t<meta property=\"og:image:type\" content=\"image\/jpeg\" \/>\n<meta name=\"twitter:card\" content=\"summary_large_image\" \/>\n<meta name=\"twitter:label1\" content=\"Preis\" \/>\n\t<meta name=\"twitter:data1\" content=\"&#067;&#072;&#070;&nbsp;95.00\" \/>\n\t<meta name=\"twitter:label2\" content=\"Verf\u00fcgbarkeit\" \/>\n\t<meta name=\"twitter:data2\" content=\"Auf Lager\" \/>\n<script type=\"application\/ld+json\" class=\"yoast-schema-graph\">{\"@context\":\"https:\\\/\\\/schema.org\",\"@graph\":[{\"@type\":\"WebPage\",\"@id\":\"https:\\\/\\\/absinthe-originale.ch\\\/de\\\/produit\\\/absinth-bacchus\\\/\",\"url\":\"https:\\\/\\\/absinthe-originale.ch\\\/de\\\/produit\\\/absinth-bacchus\\\/\",\"name\":\"Absinthe Bacchus - Absinthe La Valote Martin\",\"isPartOf\":{\"@id\":\"https:\\\/\\\/absinthe-originale.ch\\\/de\\\/#website\"},\"primaryImageOfPage\":{\"@id\":\"https:\\\/\\\/absinthe-originale.ch\\\/de\\\/produit\\\/absinth-bacchus\\\/#primaryimage\"},\"image\":{\"@id\":\"https:\\\/\\\/absinthe-originale.ch\\\/de\\\/produit\\\/absinth-bacchus\\\/#primaryimage\"},\"thumbnailUrl\":\"https:\\\/\\\/absinthe-originale.ch\\\/wp-content\\\/uploads\\\/2023\\\/05\\\/Absinthe_Bacchus.jpg\",\"datePublished\":\"2023-05-11T13:17:55+00:00\",\"dateModified\":\"2024-05-28T16:04:02+00:00\",\"breadcrumb\":{\"@id\":\"https:\\\/\\\/absinthe-originale.ch\\\/de\\\/produit\\\/absinth-bacchus\\\/#breadcrumb\"},\"inLanguage\":\"de\",\"potentialAction\":[{\"@type\":\"ReadAction\",\"target\":[\"https:\\\/\\\/absinthe-originale.ch\\\/de\\\/produit\\\/absinth-bacchus\\\/\"]}]},{\"@type\":\"ImageObject\",\"inLanguage\":\"de\",\"@id\":\"https:\\\/\\\/absinthe-originale.ch\\\/de\\\/produit\\\/absinth-bacchus\\\/#primaryimage\",\"url\":\"https:\\\/\\\/absinthe-originale.ch\\\/wp-content\\\/uploads\\\/2023\\\/05\\\/Absinthe_Bacchus.jpg\",\"contentUrl\":\"https:\\\/\\\/absinthe-originale.ch\\\/wp-content\\\/uploads\\\/2023\\\/05\\\/Absinthe_Bacchus.jpg\",\"width\":1000,\"height\":1500},{\"@type\":\"BreadcrumbList\",\"@id\":\"https:\\\/\\\/absinthe-originale.ch\\\/de\\\/produit\\\/absinth-bacchus\\\/#breadcrumb\",\"itemListElement\":[{\"@type\":\"ListItem\",\"position\":1,\"name\":\"Accueil\",\"item\":\"https:\\\/\\\/absinthe-originale.ch\\\/de\\\/homepage\\\/\"},{\"@type\":\"ListItem\",\"position\":2,\"name\":\"Shop\",\"item\":\"https:\\\/\\\/absinthe-originale.ch\\\/de\\\/shop\\\/\"},{\"@type\":\"ListItem\",\"position\":3,\"name\":\"Absinthe Bacchus\"}]},{\"@type\":\"WebSite\",\"@id\":\"https:\\\/\\\/absinthe-originale.ch\\\/de\\\/#website\",\"url\":\"https:\\\/\\\/absinthe-originale.ch\\\/de\\\/\",\"name\":\"Absinthe La Valote Martin\",\"description\":\"Absinthe La Valote Martin Val-de-Travers\",\"publisher\":{\"@id\":\"https:\\\/\\\/absinthe-originale.ch\\\/de\\\/#organization\"},\"potentialAction\":[{\"@type\":\"SearchAction\",\"target\":{\"@type\":\"EntryPoint\",\"urlTemplate\":\"https:\\\/\\\/absinthe-originale.ch\\\/de\\\/?s={search_term_string}\"},\"query-input\":{\"@type\":\"PropertyValueSpecification\",\"valueRequired\":true,\"valueName\":\"search_term_string\"}}],\"inLanguage\":\"de\"},{\"@type\":\"Organization\",\"@id\":\"https:\\\/\\\/absinthe-originale.ch\\\/de\\\/#organization\",\"name\":\"Absinthe La Valote Martin\",\"url\":\"https:\\\/\\\/absinthe-originale.ch\\\/de\\\/\",\"logo\":{\"@type\":\"ImageObject\",\"inLanguage\":\"de\",\"@id\":\"https:\\\/\\\/absinthe-originale.ch\\\/de\\\/#\\\/schema\\\/logo\\\/image\\\/\",\"url\":\"https:\\\/\\\/absinthe-originale.ch\\\/wp-content\\\/uploads\\\/2023\\\/04\\\/LaValoteMartin_Logo.png\",\"contentUrl\":\"https:\\\/\\\/absinthe-originale.ch\\\/wp-content\\\/uploads\\\/2023\\\/04\\\/LaValoteMartin_Logo.png\",\"width\":800,\"height\":915,\"caption\":\"Absinthe La Valote Martin\"},\"image\":{\"@id\":\"https:\\\/\\\/absinthe-originale.ch\\\/de\\\/#\\\/schema\\\/logo\\\/image\\\/\"},\"sameAs\":[\"https:\\\/\\\/www.facebook.com\\\/AbsintheLaValoteMartin\",\"https:\\\/\\\/www.instagram.com\\\/absinthe_la_valote_martin\\\/\"]}]}<\/script>\n<meta property=\"product:brand\" content=\"simple\" \/>\n<meta property=\"product:price:amount\" content=\"95.00\" \/>\n<meta property=\"product:price:currency\" content=\"CHF\" \/>\n<meta property=\"og:availability\" content=\"instock\" \/>\n<meta property=\"product:availability\" content=\"instock\" \/>\n<meta property=\"product:condition\" content=\"new\" \/>\n<!-- \/ Yoast SEO plugin. -->","yoast_head_json":{"title":"Absinthe Bacchus - Absinthe La Valote Martin","robots":{"index":"index","follow":"follow","max-snippet":"max-snippet:-1","max-image-preview":"max-image-preview:large","max-video-preview":"max-video-preview:-1"},"canonical":"https:\/\/absinthe-originale.ch\/de\/produit\/absinth-bacchus\/","og_locale":"de_DE","og_type":"article","og_title":"Absinthe Bacchus - Absinthe La Valote Martin","og_description":"47% Vol. - 50 cl","og_url":"https:\/\/absinthe-originale.ch\/de\/produit\/absinth-bacchus\/","og_site_name":"Absinthe La Valote Martin","article_publisher":"https:\/\/www.facebook.com\/AbsintheLaValoteMartin","article_modified_time":"2024-05-28T16:04:02+00:00","og_image":[{"width":1000,"height":1500,"url":"https:\/\/absinthe-originale.ch\/wp-content\/uploads\/2023\/05\/Absinthe_Bacchus.jpg","type":"image\/jpeg"}],"twitter_card":"summary_large_image","twitter_misc":{"Preis":"&#67;&#72;&#70;&nbsp;95.00","Verf\u00fcgbarkeit":"Auf Lager"},"schema":{"@context":"https:\/\/schema.org","@graph":[{"@type":"WebPage","@id":"https:\/\/absinthe-originale.ch\/de\/produit\/absinth-bacchus\/","url":"https:\/\/absinthe-originale.ch\/de\/produit\/absinth-bacchus\/","name":"Absinthe Bacchus - Absinthe La Valote Martin","isPartOf":{"@id":"https:\/\/absinthe-originale.ch\/de\/#website"},"primaryImageOfPage":{"@id":"https:\/\/absinthe-originale.ch\/de\/produit\/absinth-bacchus\/#primaryimage"},"image":{"@id":"https:\/\/absinthe-originale.ch\/de\/produit\/absinth-bacchus\/#primaryimage"},"thumbnailUrl":"https:\/\/absinthe-originale.ch\/wp-content\/uploads\/2023\/05\/Absinthe_Bacchus.jpg","datePublished":"2023-05-11T13:17:55+00:00","dateModified":"2024-05-28T16:04:02+00:00","breadcrumb":{"@id":"https:\/\/absinthe-originale.ch\/de\/produit\/absinth-bacchus\/#breadcrumb"},"inLanguage":"de","potentialAction":[{"@type":"ReadAction","target":["https:\/\/absinthe-originale.ch\/de\/produit\/absinth-bacchus\/"]}]},{"@type":"ImageObject","inLanguage":"de","@id":"https:\/\/absinthe-originale.ch\/de\/produit\/absinth-bacchus\/#primaryimage","url":"https:\/\/absinthe-originale.ch\/wp-content\/uploads\/2023\/05\/Absinthe_Bacchus.jpg","contentUrl":"https:\/\/absinthe-originale.ch\/wp-content\/uploads\/2023\/05\/Absinthe_Bacchus.jpg","width":1000,"height":1500},{"@type":"BreadcrumbList","@id":"https:\/\/absinthe-originale.ch\/de\/produit\/absinth-bacchus\/#breadcrumb","itemListElement":[{"@type":"ListItem","position":1,"name":"Accueil","item":"https:\/\/absinthe-originale.ch\/de\/homepage\/"},{"@type":"ListItem","position":2,"name":"Shop","item":"https:\/\/absinthe-originale.ch\/de\/shop\/"},{"@type":"ListItem","position":3,"name":"Absinthe Bacchus"}]},{"@type":"WebSite","@id":"https:\/\/absinthe-originale.ch\/de\/#website","url":"https:\/\/absinthe-originale.ch\/de\/","name":"Absinthe La Valote Martin","description":"Absinthe La Valote Martin Val-de-Travers","publisher":{"@id":"https:\/\/absinthe-originale.ch\/de\/#organization"},"potentialAction":[{"@type":"SearchAction","target":{"@type":"EntryPoint","urlTemplate":"https:\/\/absinthe-originale.ch\/de\/?s={search_term_string}"},"query-input":{"@type":"PropertyValueSpecification","valueRequired":true,"valueName":"search_term_string"}}],"inLanguage":"de"},{"@type":"Organization","@id":"https:\/\/absinthe-originale.ch\/de\/#organization","name":"Absinthe La Valote Martin","url":"https:\/\/absinthe-originale.ch\/de\/","logo":{"@type":"ImageObject","inLanguage":"de","@id":"https:\/\/absinthe-originale.ch\/de\/#\/schema\/logo\/image\/","url":"https:\/\/absinthe-originale.ch\/wp-content\/uploads\/2023\/04\/LaValoteMartin_Logo.png","contentUrl":"https:\/\/absinthe-originale.ch\/wp-content\/uploads\/2023\/04\/LaValoteMartin_Logo.png","width":800,"height":915,"caption":"Absinthe La Valote Martin"},"image":{"@id":"https:\/\/absinthe-originale.ch\/de\/#\/schema\/logo\/image\/"},"sameAs":["https:\/\/www.facebook.com\/AbsintheLaValoteMartin","https:\/\/www.instagram.com\/absinthe_la_valote_martin\/"]}]},"product_brand":"simple","product_price_amount":"95.00","product_price_currency":"CHF","og_availability":"instock","product_availability":"instock","product_condition":"new"},"_links":{"self":[{"href":"https:\/\/absinthe-originale.ch\/de\/wp-json\/wp\/v2\/product\/34656","targetHints":{"allow":["GET"]}}],"collection":[{"href":"https:\/\/absinthe-originale.ch\/de\/wp-json\/wp\/v2\/product"}],"about":[{"href":"https:\/\/absinthe-originale.ch\/de\/wp-json\/wp\/v2\/types\/product"}],"replies":[{"embeddable":true,"href":"https:\/\/absinthe-originale.ch\/de\/wp-json\/wp\/v2\/comments?post=34656"}],"version-history":[{"count":0,"href":"https:\/\/absinthe-originale.ch\/de\/wp-json\/wp\/v2\/product\/34656\/revisions"}],"wp:featuredmedia":[{"embeddable":true,"href":"https:\/\/absinthe-originale.ch\/de\/wp-json\/wp\/v2\/media\/34180"}],"wp:attachment":[{"href":"https:\/\/absinthe-originale.ch\/de\/wp-json\/wp\/v2\/media?parent=34656"}],"wp:term":[{"taxonomy":"product_brand","embeddable":true,"href":"https:\/\/absinthe-originale.ch\/de\/wp-json\/wp\/v2\/product_brand?post=34656"},{"taxonomy":"product_cat","embeddable":true,"href":"https:\/\/absinthe-originale.ch\/de\/wp-json\/wp\/v2\/product_cat?post=34656"},{"taxonomy":"product_tag","embeddable":true,"href":"https:\/\/absinthe-originale.ch\/de\/wp-json\/wp\/v2\/product_tag?post=34656"}],"curies":[{"name":"wp","href":"https:\/\/api.w.org\/{rel}","templated":true}]}}