{"id":35083,"date":"2023-04-25T11:04:08","date_gmt":"2023-04-25T09:04:08","guid":{"rendered":"https:\/\/absinthe-originale.ch\/unsere-geschichte\/"},"modified":"2026-03-26T07:46:56","modified_gmt":"2026-03-26T06:46:56","slug":"unsere-geschichte","status":"publish","type":"page","link":"https:\/\/absinthe-originale.ch\/de\/unsere-geschichte\/","title":{"rendered":"Unsere Geschichte"},"content":{"rendered":"\t\t<div data-elementor-type=\"wp-page\" data-elementor-id=\"35083\" class=\"elementor elementor-35083 elementor-29155\" data-elementor-post-type=\"page\">\n\t\t\t\t<div class=\"elementor-element elementor-element-b0f7702 e-con-full e-flex e-con e-parent\" data-id=\"b0f7702\" data-element_type=\"container\" data-e-type=\"container\" data-settings=\"{&quot;background_background&quot;:&quot;classic&quot;}\">\n\t\t\t\t<\/div>\n\t\t<div class=\"elementor-element elementor-element-095fe04 e-flex e-con-boxed e-con e-parent\" data-id=\"095fe04\" data-element_type=\"container\" data-e-type=\"container\" data-settings=\"{&quot;background_background&quot;:&quot;classic&quot;}\">\n\t\t\t\t\t<div class=\"e-con-inner\">\n\t\t<div class=\"elementor-element elementor-element-e4e5463 e-flex e-con-boxed e-con e-child\" data-id=\"e4e5463\" data-element_type=\"container\" data-e-type=\"container\">\n\t\t\t\t\t<div class=\"e-con-inner\">\n\t\t\t\t<div class=\"elementor-element elementor-element-c748bd5 elementor-widget elementor-widget-heading\" data-id=\"c748bd5\" data-element_type=\"widget\" data-e-type=\"widget\" data-widget_type=\"heading.default\">\n\t\t\t\t<div class=\"elementor-widget-container\">\n\t\t\t\t\t<h2 class=\"elementor-heading-title elementor-size-default\">Die Geschichte von La Valote Martin<\/h2>\t\t\t\t<\/div>\n\t\t\t\t<\/div>\n\t\t\t\t<div class=\"elementor-element elementor-element-8e591dc elementor-widget elementor-widget-text-editor\" data-id=\"8e591dc\" data-element_type=\"widget\" data-e-type=\"widget\" data-widget_type=\"text-editor.default\">\n\t\t\t\t<div class=\"elementor-widget-container\">\n\t\t\t\t\t\t\t\t\t<p>Das Geheimnis des Absinthe La Valote Martin, welcher handwerklich in Couvet, Val-de-Travers (Schweiz) hergestellt wird, liegt in der Liebe zum Produkt, zu seiner Geschichte und zu seiner Region. Der \u201cBleue\u201d verdankt seinen angenehmen Bittergeschmack zehn verschiedenen Kr\u00e4utern (unter anderem Wermut und pontischem Wermut, Zitronenmelisse, Ysop und Pfefferminze), die zum Gro\u00dfteil in jener Region angebaut werden, in der die \u201cGr\u00fcne Fee\u201d das Licht der Welt erblickte.<\/p><p><strong>Hier wurde im Jahr 1760 die \u201cGr\u00fcne Fee\u201d geboren. <\/strong><\/p><p>Die verschiedenen Etappen der Absinthe-Produktion, vom Anbau der Kr\u00e4uter, ihrer Verarbeitung bis zur Destillierung, trugen zum wirtschaftlichen Aufschwung der Region bei. 1910 setzte ein Absintheverbot, das zwei Jahre zuvor durch eine Volksinitiative entschieden wurde, der Produktion ein drastisches Ende. Der Absinthe wurde in die Illegalit\u00e4t verbannt.<\/p><p>Ein Mythos war somit geboren, der durch die Existenz zahlreicher Schwarzbrenner w\u00e4hrend des gesamten 20. Jahrhunderts noch st\u00e4rker wurde. Francis Martin war einer von ihnen. Infolge der Legalisierung des Absinthes am 1. M\u00e4rz 2005, beschloss er Absinthe legal zu brennen und so seine Passion f\u00fcr die \u201cGr\u00fcne Fee\u201d weiterzugeben und zu garantieren, dass die Destillierung an ihrem Entstehungsort erfolgt.<\/p><p>Das Originalrezept ist bis heute unver\u00e4ndert geblieben. Der Absinthe erfreut sich immer noch der gleichen Beliebtheit bei seiner Kundschaft. Die \u00e4ltere Generation sch\u00e4tzt besonders, dass sein Geschmack sie an den Absinthe ihrer Jugend erinnert. Im Jahr 2014 wird sein Sohn Philippe die Destillerie \u00fcbernehmen und die Familientradition weiterf\u00fchren.<\/p>\t\t\t\t\t\t\t\t<\/div>\n\t\t\t\t<\/div>\n\t\t\t\t\t<\/div>\n\t\t\t\t<\/div>\n\t\t\t\t\t<\/div>\n\t\t\t\t<\/div>\n\t\t<div class=\"elementor-element elementor-element-4e7b7dc elementor-hidden-tablet elementor-hidden-mobile e-flex e-con-boxed e-con e-parent\" data-id=\"4e7b7dc\" data-element_type=\"container\" data-e-type=\"container\">\n\t\t\t\t\t<div class=\"e-con-inner\">\n\t\t<div class=\"elementor-element elementor-element-9056bf1 e-con-full e-flex e-con e-child\" data-id=\"9056bf1\" data-element_type=\"container\" data-e-type=\"container\">\n\t\t\t\t<div class=\"elementor-element elementor-element-d847781 elementor-widget elementor-widget-image\" data-id=\"d847781\" data-element_type=\"widget\" data-e-type=\"widget\" data-widget_type=\"image.default\">\n\t\t\t\t<div class=\"elementor-widget-container\">\n\t\t\t\t\t\t\t\t\t\t\t\t\t\t\t<img fetchpriority=\"high\" decoding=\"async\" width=\"731\" height=\"1024\" src=\"https:\/\/absinthe-originale.ch\/wp-content\/uploads\/2023\/06\/Verre_Absinthe-731x1024.jpg\" class=\"attachment-large size-large wp-image-34282\" alt=\"\" srcset=\"https:\/\/absinthe-originale.ch\/wp-content\/uploads\/2023\/06\/Verre_Absinthe-731x1024.jpg 731w, https:\/\/absinthe-originale.ch\/wp-content\/uploads\/2023\/06\/Verre_Absinthe-300x420.jpg 300w, https:\/\/absinthe-originale.ch\/wp-content\/uploads\/2023\/06\/Verre_Absinthe-600x840.jpg 600w, https:\/\/absinthe-originale.ch\/wp-content\/uploads\/2023\/06\/Verre_Absinthe-214x300.jpg 214w, https:\/\/absinthe-originale.ch\/wp-content\/uploads\/2023\/06\/Verre_Absinthe-768x1076.jpg 768w, https:\/\/absinthe-originale.ch\/wp-content\/uploads\/2023\/06\/Verre_Absinthe.jpg 1071w\" sizes=\"(max-width: 731px) 100vw, 731px\" \/>\t\t\t\t\t\t\t\t\t\t\t\t\t\t\t<\/div>\n\t\t\t\t<\/div>\n\t\t\t\t<\/div>\n\t\t<div class=\"elementor-element elementor-element-228aba4 e-con-full e-flex e-con e-child\" data-id=\"228aba4\" data-element_type=\"container\" data-e-type=\"container\">\n\t\t\t\t<div class=\"elementor-element elementor-element-8681f5b elementor-widget elementor-widget-image\" data-id=\"8681f5b\" data-element_type=\"widget\" data-e-type=\"widget\" data-widget_type=\"image.default\">\n\t\t\t\t<div class=\"elementor-widget-container\">\n\t\t\t\t\t\t\t\t\t\t\t\t\t\t\t<img decoding=\"async\" width=\"732\" height=\"1024\" src=\"https:\/\/absinthe-originale.ch\/wp-content\/uploads\/2023\/06\/PhilippeMartin-732x1024.jpg\" class=\"attachment-large size-large wp-image-34279\" alt=\"\" srcset=\"https:\/\/absinthe-originale.ch\/wp-content\/uploads\/2023\/06\/PhilippeMartin-732x1024.jpg 732w, https:\/\/absinthe-originale.ch\/wp-content\/uploads\/2023\/06\/PhilippeMartin-300x420.jpg 300w, https:\/\/absinthe-originale.ch\/wp-content\/uploads\/2023\/06\/PhilippeMartin-600x840.jpg 600w, https:\/\/absinthe-originale.ch\/wp-content\/uploads\/2023\/06\/PhilippeMartin-214x300.jpg 214w, https:\/\/absinthe-originale.ch\/wp-content\/uploads\/2023\/06\/PhilippeMartin-768x1075.jpg 768w, https:\/\/absinthe-originale.ch\/wp-content\/uploads\/2023\/06\/PhilippeMartin.jpg 1071w\" sizes=\"(max-width: 732px) 100vw, 732px\" \/>\t\t\t\t\t\t\t\t\t\t\t\t\t\t\t<\/div>\n\t\t\t\t<\/div>\n\t\t\t\t<\/div>\n\t\t<div class=\"elementor-element elementor-element-fe33f46 e-con-full e-flex e-con e-child\" data-id=\"fe33f46\" data-element_type=\"container\" data-e-type=\"container\">\n\t\t\t\t<div class=\"elementor-element elementor-element-3d54019 elementor-widget elementor-widget-image\" data-id=\"3d54019\" data-element_type=\"widget\" data-e-type=\"widget\" data-widget_type=\"image.default\">\n\t\t\t\t<div class=\"elementor-widget-container\">\n\t\t\t\t\t\t\t\t\t\t\t\t\t\t\t<img decoding=\"async\" width=\"732\" height=\"1024\" src=\"https:\/\/absinthe-originale.ch\/wp-content\/uploads\/2023\/06\/Fontaine_Absinthe-732x1024.jpg\" class=\"attachment-large size-large wp-image-34285\" alt=\"\" srcset=\"https:\/\/absinthe-originale.ch\/wp-content\/uploads\/2023\/06\/Fontaine_Absinthe-732x1024.jpg 732w, https:\/\/absinthe-originale.ch\/wp-content\/uploads\/2023\/06\/Fontaine_Absinthe-300x420.jpg 300w, https:\/\/absinthe-originale.ch\/wp-content\/uploads\/2023\/06\/Fontaine_Absinthe-600x840.jpg 600w, https:\/\/absinthe-originale.ch\/wp-content\/uploads\/2023\/06\/Fontaine_Absinthe-214x300.jpg 214w, https:\/\/absinthe-originale.ch\/wp-content\/uploads\/2023\/06\/Fontaine_Absinthe-768x1075.jpg 768w, https:\/\/absinthe-originale.ch\/wp-content\/uploads\/2023\/06\/Fontaine_Absinthe.jpg 1071w\" sizes=\"(max-width: 732px) 100vw, 732px\" \/>\t\t\t\t\t\t\t\t\t\t\t\t\t\t\t<\/div>\n\t\t\t\t<\/div>\n\t\t\t\t<\/div>\n\t\t\t\t\t<\/div>\n\t\t\t\t<\/div>\n\t\t<div class=\"elementor-element elementor-element-f3001b1 elementor-hidden-desktop e-flex e-con-boxed e-con e-parent\" data-id=\"f3001b1\" data-element_type=\"container\" data-e-type=\"container\">\n\t\t\t\t\t<div class=\"e-con-inner\">\n\t\t\t\t<div class=\"elementor-element elementor-element-57b2200 elementor-arrows-position-inside elementor-pagination-position-outside elementor-widget elementor-widget-image-carousel\" data-id=\"57b2200\" data-element_type=\"widget\" data-e-type=\"widget\" data-settings=\"{&quot;slides_to_show_mobile&quot;:&quot;1&quot;,&quot;slides_to_show_tablet&quot;:&quot;1&quot;,&quot;navigation&quot;:&quot;both&quot;,&quot;infinite&quot;:&quot;yes&quot;,&quot;speed&quot;:500}\" data-widget_type=\"image-carousel.default\">\n\t\t\t\t<div class=\"elementor-widget-container\">\n\t\t\t\t\t\t\t<div class=\"elementor-image-carousel-wrapper swiper\" role=\"region\" aria-roledescription=\"carousel\" aria-label=\"Carrousel d\u2019images\" dir=\"ltr\">\n\t\t\t<div class=\"elementor-image-carousel swiper-wrapper\" aria-live=\"polite\">\n\t\t\t\t\t\t\t\t<div class=\"swiper-slide\" role=\"group\" aria-roledescription=\"slide\" aria-label=\"1 von 3\"><figure class=\"swiper-slide-inner\"><img decoding=\"async\" class=\"swiper-slide-image\" src=\"https:\/\/absinthe-originale.ch\/wp-content\/uploads\/2023\/06\/PhilippeMartin.jpg\" alt=\"PhilippeMartin\" \/><\/figure><\/div><div class=\"swiper-slide\" role=\"group\" aria-roledescription=\"slide\" aria-label=\"2 von 3\"><figure class=\"swiper-slide-inner\"><img decoding=\"async\" class=\"swiper-slide-image\" src=\"https:\/\/absinthe-originale.ch\/wp-content\/uploads\/2023\/06\/Verre_Absinthe.jpg\" alt=\"Verre_Absinthe\" \/><\/figure><\/div><div class=\"swiper-slide\" role=\"group\" aria-roledescription=\"slide\" aria-label=\"3 von 3\"><figure class=\"swiper-slide-inner\"><img decoding=\"async\" class=\"swiper-slide-image\" src=\"https:\/\/absinthe-originale.ch\/wp-content\/uploads\/2023\/06\/Fontaine_Absinthe.jpg\" alt=\"Brunnen_Absinth\" \/><\/figure><\/div>\t\t\t<\/div>\n\t\t\t\t\t\t\t\t\t\t\t\t<div class=\"elementor-swiper-button elementor-swiper-button-prev\" role=\"button\" tabindex=\"0\">\n\t\t\t\t\t\t<i aria-hidden=\"true\" class=\"eicon-chevron-left\"><\/i>\t\t\t\t\t<\/div>\n\t\t\t\t\t<div class=\"elementor-swiper-button elementor-swiper-button-next\" role=\"button\" tabindex=\"0\">\n\t\t\t\t\t\t<i aria-hidden=\"true\" class=\"eicon-chevron-right\"><\/i>\t\t\t\t\t<\/div>\n\t\t\t\t\n\t\t\t\t\t\t\t\t\t<div class=\"swiper-pagination\"><\/div>\n\t\t\t\t\t\t\t\t\t<\/div>\n\t\t\t\t\t\t<\/div>\n\t\t\t\t<\/div>\n\t\t\t\t\t<\/div>\n\t\t\t\t<\/div>\n\t\t<div class=\"elementor-element elementor-element-52a048b e-flex e-con-boxed e-con e-parent\" data-id=\"52a048b\" data-element_type=\"container\" data-e-type=\"container\">\n\t\t\t\t\t<div class=\"e-con-inner\">\n\t\t<div class=\"elementor-element elementor-element-8113500 e-con-full e-flex e-con e-child\" data-id=\"8113500\" data-element_type=\"container\" data-e-type=\"container\">\n\t\t\t\t<div class=\"elementor-element elementor-element-4985bd2 elementor-widget elementor-widget-image\" data-id=\"4985bd2\" data-element_type=\"widget\" data-e-type=\"widget\" data-widget_type=\"image.default\">\n\t\t\t\t<div class=\"elementor-widget-container\">\n\t\t\t\t\t\t\t\t\t\t\t\t\t\t\t<img loading=\"lazy\" decoding=\"async\" width=\"411\" height=\"164\" src=\"https:\/\/absinthe-originale.ch\/wp-content\/uploads\/2023\/06\/Pied_page-1.png\" class=\"attachment-full size-full wp-image-34261\" alt=\"\" srcset=\"https:\/\/absinthe-originale.ch\/wp-content\/uploads\/2023\/06\/Pied_page-1.png 411w, https:\/\/absinthe-originale.ch\/wp-content\/uploads\/2023\/06\/Pied_page-1-300x120.png 300w\" sizes=\"(max-width: 411px) 100vw, 411px\" \/>\t\t\t\t\t\t\t\t\t\t\t\t\t\t\t<\/div>\n\t\t\t\t<\/div>\n\t\t\t\t<\/div>\n\t\t\t\t\t<\/div>\n\t\t\t\t<\/div>\n\t\t\t\t<\/div>\n\t\t","protected":false},"excerpt":{"rendered":"<p>Die Geschichte von La Valote Martin Das Geheimnis des Absinthe La Valote Martin, welcher handwerklich in Couvet, Val-de-Travers (Schweiz) hergestellt wird, liegt in der Liebe zum Produkt, zu seiner Geschichte und zu seiner Region. Der \u201cBleue\u201d verdankt seinen angenehmen Bittergeschmack zehn verschiedenen Kr\u00e4utern (unter anderem Wermut und pontischem Wermut, Zitronenmelisse, Ysop und Pfefferminze), die zum [&hellip;]<\/p>\n","protected":false},"author":1,"featured_media":0,"parent":0,"menu_order":0,"comment_status":"closed","ping_status":"closed","template":"","meta":{"site-sidebar-layout":"no-sidebar","site-content-layout":"page-builder","ast-site-content-layout":"full-width-container","site-content-style":"unboxed","site-sidebar-style":"unboxed","ast-global-header-display":"","ast-banner-title-visibility":"","ast-main-header-display":"","ast-hfb-above-header-display":"","ast-hfb-below-header-display":"","ast-hfb-mobile-header-display":"","site-post-title":"disabled","ast-breadcrumbs-content":"","ast-featured-img":"disabled","footer-sml-layout":"","ast-disable-related-posts":"","theme-transparent-header-meta":"","adv-header-id-meta":"","stick-header-meta":"","header-above-stick-meta":"","header-main-stick-meta":"","header-below-stick-meta":"","astra-migrate-meta-layouts":"default","ast-page-background-enabled":"default","ast-page-background-meta":{"desktop":{"background-color":"var(--ast-global-color-4)","background-image":"","background-repeat":"repeat","background-position":"center center","background-size":"auto","background-attachment":"scroll","background-type":"","background-media":"","overlay-type":"","overlay-color":"","overlay-opacity":"","overlay-gradient":""},"tablet":{"background-color":"","background-image":"","background-repeat":"repeat","background-position":"center center","background-size":"auto","background-attachment":"scroll","background-type":"","background-media":"","overlay-type":"","overlay-color":"","overlay-opacity":"","overlay-gradient":""},"mobile":{"background-color":"","background-image":"","background-repeat":"repeat","background-position":"center center","background-size":"auto","background-attachment":"scroll","background-type":"","background-media":"","overlay-type":"","overlay-color":"","overlay-opacity":"","overlay-gradient":""}},"ast-content-background-meta":{"desktop":{"background-color":"var(--ast-global-color-5)","background-image":"","background-repeat":"repeat","background-position":"center center","background-size":"auto","background-attachment":"scroll","background-type":"","background-media":"","overlay-type":"","overlay-color":"","overlay-opacity":"","overlay-gradient":""},"tablet":{"background-color":"var(--ast-global-color-5)","background-image":"","background-repeat":"repeat","background-position":"center center","background-size":"auto","background-attachment":"scroll","background-type":"","background-media":"","overlay-type":"","overlay-color":"","overlay-opacity":"","overlay-gradient":""},"mobile":{"background-color":"var(--ast-global-color-5)","background-image":"","background-repeat":"repeat","background-position":"center center","background-size":"auto","background-attachment":"scroll","background-type":"","background-media":"","overlay-type":"","overlay-color":"","overlay-opacity":"","overlay-gradient":""}},"_glsr_average":0,"_glsr_ranking":0,"_glsr_reviews":0,"footnotes":""},"class_list":["post-35083","page","type-page","status-publish","hentry"],"yoast_head":"<!-- This site is optimized with the Yoast SEO plugin v27.5 - https:\/\/yoast.com\/product\/yoast-seo-wordpress\/ -->\n<title>Unsere Geschichte - Absinthe La Valote Martin<\/title>\n<meta name=\"robots\" content=\"index, follow, max-snippet:-1, max-image-preview:large, max-video-preview:-1\" \/>\n<link rel=\"canonical\" href=\"https:\/\/absinthe-originale.ch\/de\/unsere-geschichte\/\" \/>\n<meta property=\"og:locale\" content=\"de_DE\" \/>\n<meta property=\"og:type\" content=\"article\" \/>\n<meta property=\"og:title\" content=\"Unsere Geschichte - Absinthe La Valote Martin\" \/>\n<meta property=\"og:description\" content=\"Die Geschichte von La Valote Martin Das Geheimnis des Absinthe La Valote Martin, welcher handwerklich in Couvet, Val-de-Travers (Schweiz) hergestellt wird, liegt in der Liebe zum Produkt, zu seiner Geschichte und zu seiner Region. Der \u201cBleue\u201d verdankt seinen angenehmen Bittergeschmack zehn verschiedenen Kr\u00e4utern (unter anderem Wermut und pontischem Wermut, Zitronenmelisse, Ysop und Pfefferminze), die zum [&hellip;]\" \/>\n<meta property=\"og:url\" content=\"https:\/\/absinthe-originale.ch\/de\/unsere-geschichte\/\" \/>\n<meta property=\"og:site_name\" content=\"Absinthe La Valote Martin\" \/>\n<meta property=\"article:publisher\" content=\"https:\/\/www.facebook.com\/AbsintheLaValoteMartin\" \/>\n<meta property=\"article:modified_time\" content=\"2026-03-26T06:46:56+00:00\" \/>\n<meta property=\"og:image\" content=\"https:\/\/absinthe-originale.ch\/wp-content\/uploads\/2023\/06\/Verre_Absinthe.jpg\" \/>\n\t<meta property=\"og:image:width\" content=\"1071\" \/>\n\t<meta property=\"og:image:height\" content=\"1500\" \/>\n\t<meta property=\"og:image:type\" content=\"image\/jpeg\" \/>\n<meta name=\"twitter:card\" content=\"summary_large_image\" \/>\n<meta name=\"twitter:label1\" content=\"Gesch\u00e4tzte Lesezeit\" \/>\n\t<meta name=\"twitter:data1\" content=\"4\u00a0Minuten\" \/>\n<script type=\"application\/ld+json\" class=\"yoast-schema-graph\">{\"@context\":\"https:\\\/\\\/schema.org\",\"@graph\":[{\"@type\":\"WebPage\",\"@id\":\"https:\\\/\\\/absinthe-originale.ch\\\/de\\\/unsere-geschichte\\\/\",\"url\":\"https:\\\/\\\/absinthe-originale.ch\\\/de\\\/unsere-geschichte\\\/\",\"name\":\"Unsere Geschichte - Absinthe La Valote Martin\",\"isPartOf\":{\"@id\":\"https:\\\/\\\/absinthe-originale.ch\\\/de\\\/#website\"},\"primaryImageOfPage\":{\"@id\":\"https:\\\/\\\/absinthe-originale.ch\\\/de\\\/unsere-geschichte\\\/#primaryimage\"},\"image\":{\"@id\":\"https:\\\/\\\/absinthe-originale.ch\\\/de\\\/unsere-geschichte\\\/#primaryimage\"},\"thumbnailUrl\":\"https:\\\/\\\/absinthe-originale.ch\\\/wp-content\\\/uploads\\\/2023\\\/06\\\/Verre_Absinthe-731x1024.jpg\",\"datePublished\":\"2023-04-25T09:04:08+00:00\",\"dateModified\":\"2026-03-26T06:46:56+00:00\",\"breadcrumb\":{\"@id\":\"https:\\\/\\\/absinthe-originale.ch\\\/de\\\/unsere-geschichte\\\/#breadcrumb\"},\"inLanguage\":\"de\",\"potentialAction\":[{\"@type\":\"ReadAction\",\"target\":[\"https:\\\/\\\/absinthe-originale.ch\\\/de\\\/unsere-geschichte\\\/\"]}]},{\"@type\":\"ImageObject\",\"inLanguage\":\"de\",\"@id\":\"https:\\\/\\\/absinthe-originale.ch\\\/de\\\/unsere-geschichte\\\/#primaryimage\",\"url\":\"https:\\\/\\\/absinthe-originale.ch\\\/wp-content\\\/uploads\\\/2023\\\/06\\\/Verre_Absinthe-731x1024.jpg\",\"contentUrl\":\"https:\\\/\\\/absinthe-originale.ch\\\/wp-content\\\/uploads\\\/2023\\\/06\\\/Verre_Absinthe-731x1024.jpg\"},{\"@type\":\"BreadcrumbList\",\"@id\":\"https:\\\/\\\/absinthe-originale.ch\\\/de\\\/unsere-geschichte\\\/#breadcrumb\",\"itemListElement\":[{\"@type\":\"ListItem\",\"position\":1,\"name\":\"Accueil\",\"item\":\"https:\\\/\\\/absinthe-originale.ch\\\/de\\\/homepage\\\/\"},{\"@type\":\"ListItem\",\"position\":2,\"name\":\"Unsere Geschichte\"}]},{\"@type\":\"WebSite\",\"@id\":\"https:\\\/\\\/absinthe-originale.ch\\\/de\\\/#website\",\"url\":\"https:\\\/\\\/absinthe-originale.ch\\\/de\\\/\",\"name\":\"Absinthe La Valote Martin\",\"description\":\"Absinthe La Valote Martin Val-de-Travers\",\"publisher\":{\"@id\":\"https:\\\/\\\/absinthe-originale.ch\\\/de\\\/#organization\"},\"potentialAction\":[{\"@type\":\"SearchAction\",\"target\":{\"@type\":\"EntryPoint\",\"urlTemplate\":\"https:\\\/\\\/absinthe-originale.ch\\\/de\\\/?s={search_term_string}\"},\"query-input\":{\"@type\":\"PropertyValueSpecification\",\"valueRequired\":true,\"valueName\":\"search_term_string\"}}],\"inLanguage\":\"de\"},{\"@type\":\"Organization\",\"@id\":\"https:\\\/\\\/absinthe-originale.ch\\\/de\\\/#organization\",\"name\":\"Absinthe La Valote Martin\",\"url\":\"https:\\\/\\\/absinthe-originale.ch\\\/de\\\/\",\"logo\":{\"@type\":\"ImageObject\",\"inLanguage\":\"de\",\"@id\":\"https:\\\/\\\/absinthe-originale.ch\\\/de\\\/#\\\/schema\\\/logo\\\/image\\\/\",\"url\":\"https:\\\/\\\/absinthe-originale.ch\\\/wp-content\\\/uploads\\\/2023\\\/04\\\/LaValoteMartin_Logo.png\",\"contentUrl\":\"https:\\\/\\\/absinthe-originale.ch\\\/wp-content\\\/uploads\\\/2023\\\/04\\\/LaValoteMartin_Logo.png\",\"width\":800,\"height\":915,\"caption\":\"Absinthe La Valote Martin\"},\"image\":{\"@id\":\"https:\\\/\\\/absinthe-originale.ch\\\/de\\\/#\\\/schema\\\/logo\\\/image\\\/\"},\"sameAs\":[\"https:\\\/\\\/www.facebook.com\\\/AbsintheLaValoteMartin\",\"https:\\\/\\\/www.instagram.com\\\/absinthe_la_valote_martin\\\/\"]}]}<\/script>\n<!-- \/ Yoast SEO plugin. -->","yoast_head_json":{"title":"Unsere Geschichte - Absinthe La Valote Martin","robots":{"index":"index","follow":"follow","max-snippet":"max-snippet:-1","max-image-preview":"max-image-preview:large","max-video-preview":"max-video-preview:-1"},"canonical":"https:\/\/absinthe-originale.ch\/de\/unsere-geschichte\/","og_locale":"de_DE","og_type":"article","og_title":"Unsere Geschichte - Absinthe La Valote Martin","og_description":"Die Geschichte von La Valote Martin Das Geheimnis des Absinthe La Valote Martin, welcher handwerklich in Couvet, Val-de-Travers (Schweiz) hergestellt wird, liegt in der Liebe zum Produkt, zu seiner Geschichte und zu seiner Region. Der \u201cBleue\u201d verdankt seinen angenehmen Bittergeschmack zehn verschiedenen Kr\u00e4utern (unter anderem Wermut und pontischem Wermut, Zitronenmelisse, Ysop und Pfefferminze), die zum [&hellip;]","og_url":"https:\/\/absinthe-originale.ch\/de\/unsere-geschichte\/","og_site_name":"Absinthe La Valote Martin","article_publisher":"https:\/\/www.facebook.com\/AbsintheLaValoteMartin","article_modified_time":"2026-03-26T06:46:56+00:00","og_image":[{"width":1071,"height":1500,"url":"https:\/\/absinthe-originale.ch\/wp-content\/uploads\/2023\/06\/Verre_Absinthe.jpg","type":"image\/jpeg"}],"twitter_card":"summary_large_image","twitter_misc":{"Gesch\u00e4tzte Lesezeit":"4\u00a0Minuten"},"schema":{"@context":"https:\/\/schema.org","@graph":[{"@type":"WebPage","@id":"https:\/\/absinthe-originale.ch\/de\/unsere-geschichte\/","url":"https:\/\/absinthe-originale.ch\/de\/unsere-geschichte\/","name":"Unsere Geschichte - Absinthe La Valote Martin","isPartOf":{"@id":"https:\/\/absinthe-originale.ch\/de\/#website"},"primaryImageOfPage":{"@id":"https:\/\/absinthe-originale.ch\/de\/unsere-geschichte\/#primaryimage"},"image":{"@id":"https:\/\/absinthe-originale.ch\/de\/unsere-geschichte\/#primaryimage"},"thumbnailUrl":"https:\/\/absinthe-originale.ch\/wp-content\/uploads\/2023\/06\/Verre_Absinthe-731x1024.jpg","datePublished":"2023-04-25T09:04:08+00:00","dateModified":"2026-03-26T06:46:56+00:00","breadcrumb":{"@id":"https:\/\/absinthe-originale.ch\/de\/unsere-geschichte\/#breadcrumb"},"inLanguage":"de","potentialAction":[{"@type":"ReadAction","target":["https:\/\/absinthe-originale.ch\/de\/unsere-geschichte\/"]}]},{"@type":"ImageObject","inLanguage":"de","@id":"https:\/\/absinthe-originale.ch\/de\/unsere-geschichte\/#primaryimage","url":"https:\/\/absinthe-originale.ch\/wp-content\/uploads\/2023\/06\/Verre_Absinthe-731x1024.jpg","contentUrl":"https:\/\/absinthe-originale.ch\/wp-content\/uploads\/2023\/06\/Verre_Absinthe-731x1024.jpg"},{"@type":"BreadcrumbList","@id":"https:\/\/absinthe-originale.ch\/de\/unsere-geschichte\/#breadcrumb","itemListElement":[{"@type":"ListItem","position":1,"name":"Accueil","item":"https:\/\/absinthe-originale.ch\/de\/homepage\/"},{"@type":"ListItem","position":2,"name":"Unsere Geschichte"}]},{"@type":"WebSite","@id":"https:\/\/absinthe-originale.ch\/de\/#website","url":"https:\/\/absinthe-originale.ch\/de\/","name":"Absinthe La Valote Martin","description":"Absinthe La Valote Martin Val-de-Travers","publisher":{"@id":"https:\/\/absinthe-originale.ch\/de\/#organization"},"potentialAction":[{"@type":"SearchAction","target":{"@type":"EntryPoint","urlTemplate":"https:\/\/absinthe-originale.ch\/de\/?s={search_term_string}"},"query-input":{"@type":"PropertyValueSpecification","valueRequired":true,"valueName":"search_term_string"}}],"inLanguage":"de"},{"@type":"Organization","@id":"https:\/\/absinthe-originale.ch\/de\/#organization","name":"Absinthe La Valote Martin","url":"https:\/\/absinthe-originale.ch\/de\/","logo":{"@type":"ImageObject","inLanguage":"de","@id":"https:\/\/absinthe-originale.ch\/de\/#\/schema\/logo\/image\/","url":"https:\/\/absinthe-originale.ch\/wp-content\/uploads\/2023\/04\/LaValoteMartin_Logo.png","contentUrl":"https:\/\/absinthe-originale.ch\/wp-content\/uploads\/2023\/04\/LaValoteMartin_Logo.png","width":800,"height":915,"caption":"Absinthe La Valote Martin"},"image":{"@id":"https:\/\/absinthe-originale.ch\/de\/#\/schema\/logo\/image\/"},"sameAs":["https:\/\/www.facebook.com\/AbsintheLaValoteMartin","https:\/\/www.instagram.com\/absinthe_la_valote_martin\/"]}]}},"_links":{"self":[{"href":"https:\/\/absinthe-originale.ch\/de\/wp-json\/wp\/v2\/pages\/35083","targetHints":{"allow":["GET"]}}],"collection":[{"href":"https:\/\/absinthe-originale.ch\/de\/wp-json\/wp\/v2\/pages"}],"about":[{"href":"https:\/\/absinthe-originale.ch\/de\/wp-json\/wp\/v2\/types\/page"}],"author":[{"embeddable":true,"href":"https:\/\/absinthe-originale.ch\/de\/wp-json\/wp\/v2\/users\/1"}],"replies":[{"embeddable":true,"href":"https:\/\/absinthe-originale.ch\/de\/wp-json\/wp\/v2\/comments?post=35083"}],"version-history":[{"count":6,"href":"https:\/\/absinthe-originale.ch\/de\/wp-json\/wp\/v2\/pages\/35083\/revisions"}],"predecessor-version":[{"id":36356,"href":"https:\/\/absinthe-originale.ch\/de\/wp-json\/wp\/v2\/pages\/35083\/revisions\/36356"}],"wp:attachment":[{"href":"https:\/\/absinthe-originale.ch\/de\/wp-json\/wp\/v2\/media?parent=35083"}],"curies":[{"name":"wp","href":"https:\/\/api.w.org\/{rel}","templated":true}]}}